{"id":4504,"date":"2022-07-16T16:10:21","date_gmt":"2022-07-16T16:10:21","guid":{"rendered":"https:\/\/issho.website\/new\/?page_id=4504"},"modified":"2025-08-06T16:28:57","modified_gmt":"2025-08-06T16:28:57","slug":"careers","status":"publish","type":"page","link":"http:\/\/issho.website\/pt\/careers\/","title":{"rendered":"Carreiras"},"content":{"rendered":"<div data-elementor-type=\"wp-page\" data-elementor-id=\"4504\" class=\"elementor elementor-4504\">\n\t\t\t\t\t\t<section class=\"elementor-section elementor-top-section elementor-element elementor-element-99949c1 elementor-section-boxed elementor-section-height-default elementor-section-height-default\" data-id=\"99949c1\" data-element_type=\"section\" data-e-type=\"section\">\n\t\t\t\t\t\t<div class=\"elementor-container elementor-column-gap-default\">\n\t\t\t\t\t<div class=\"elementor-column elementor-col-100 elementor-top-column elementor-element elementor-element-2df03c8\" data-id=\"2df03c8\" data-element_type=\"column\" data-e-type=\"column\">\n\t\t\t<div class=\"elementor-widget-wrap elementor-element-populated\">\n\t\t\t\t\t\t<div class=\"elementor-element elementor-element-5b98fe8 elementor-widget elementor-widget-heading\" data-id=\"5b98fe8\" data-element_type=\"widget\" data-e-type=\"widget\" data-widget_type=\"heading.default\">\n\t\t\t\t<div class=\"elementor-widget-container\">\n\t\t\t\t\t<h2 class=\"elementor-heading-title elementor-size-default\">QUER FAZER PARTE DA NOSSA EQUIPA?<\/h2>\t\t\t\t<\/div>\n\t\t\t\t<\/div>\n\t\t\t\t<div class=\"elementor-element elementor-element-383e891 elementor-widget elementor-widget-text-editor\" data-id=\"383e891\" data-element_type=\"widget\" data-e-type=\"widget\" data-widget_type=\"text-editor.default\">\n\t\t\t\t<div class=\"elementor-widget-container\">\n\t\t\t\t\t\t\t\t\t<p><span style=\"letter-spacing: 0px;\">Trabalhar na ISSHO Technology significa integrar uma equipa jovem e dedicada, disposta a aprender e a dar o seu contributo para revolucionar a produ\u00e7\u00e3o industrial.<\/span><br><\/p>\n<p>Somos uma empresa que desenvolve solu\u00e7\u00f5es de configura\u00e7\u00e3o 3D que lhe permitem definir os requisitos do projeto e calcular os recursos necess\u00e1rios para a sua execu\u00e7\u00e3o, aumentando a efici\u00eancia na produ\u00e7\u00e3o. Tudo isto com vista a um maior alinhamento com as expetativas dos clientes.<\/p>\n<p>A nossa extraordin\u00e1ria equipa \u00e9 a verdadeira respons\u00e1vel pelas nossas conquistas e pelo caminho de crescimento que temos vindo a percorrer, com dinamismo, curiosidade, empenho e trabalho \u00e1rduo.<\/p>\n<p><strong>Agora h\u00e1 um lugar para ti!<\/strong><\/p>\t\t\t\t\t\t\t\t<\/div>\n\t\t\t\t<\/div>\n\t\t\t\t\t<\/div>\n\t\t<\/div>\n\t\t\t\t\t<\/div>\n\t\t<\/section>\n\t\t\t\t<section class=\"elementor-section elementor-top-section elementor-element elementor-element-a2a8523 elementor-section-boxed elementor-section-height-default elementor-section-height-default\" data-id=\"a2a8523\" data-element_type=\"section\" data-e-type=\"section\">\n\t\t\t\t\t\t<div class=\"elementor-container elementor-column-gap-default\">\n\t\t\t\t\t<div class=\"elementor-column elementor-col-33 elementor-top-column elementor-element elementor-element-021e71e\" data-id=\"021e71e\" data-element_type=\"column\" data-e-type=\"column\">\n\t\t\t<div class=\"elementor-widget-wrap elementor-element-populated\">\n\t\t\t\t\t\t<div class=\"elementor-element elementor-element-b1fa243 elementor-position-top elementor-widget elementor-widget-image-box\" data-id=\"b1fa243\" data-element_type=\"widget\" data-e-type=\"widget\" data-widget_type=\"image-box.default\">\n\t\t\t\t<div class=\"elementor-widget-container\">\n\t\t\t\t\t<div class=\"elementor-image-box-wrapper\"><figure class=\"elementor-image-box-img\"><a href=\"https:\/\/issho.website\/pt\/software-developer\/\" target=\"_blank\" tabindex=\"-1\"><img fetchpriority=\"high\" decoding=\"async\" width=\"640\" height=\"471\" src=\"https:\/\/issho.website\/wp-content\/uploads\/2020\/01\/issho_software_developer.jpg\" class=\"attachment-full size-full wp-image-4710\" alt=\"Software Developer ISSHO\" srcset=\"https:\/\/issho.website\/wp-content\/uploads\/2020\/01\/issho_software_developer.jpg 640w, https:\/\/issho.website\/wp-content\/uploads\/2020\/01\/issho_software_developer-300x221.jpg 300w\" sizes=\"(max-width: 640px) 100vw, 640px\" \/><\/a><\/figure><div class=\"elementor-image-box-content\"><h3 class=\"elementor-image-box-title\"><a href=\"https:\/\/issho.website\/pt\/software-developer\/\" target=\"_blank\">Software Developer<\/a><\/h3><\/div><\/div>\t\t\t\t<\/div>\n\t\t\t\t<\/div>\n\t\t\t\t\t<\/div>\n\t\t<\/div>\n\t\t\t\t<div class=\"elementor-column elementor-col-33 elementor-top-column elementor-element elementor-element-9744bdd\" data-id=\"9744bdd\" data-element_type=\"column\" data-e-type=\"column\">\n\t\t\t<div class=\"elementor-widget-wrap elementor-element-populated\">\n\t\t\t\t\t\t<div class=\"elementor-element elementor-element-cbc72ca elementor-position-top elementor-widget elementor-widget-image-box\" data-id=\"cbc72ca\" data-element_type=\"widget\" data-e-type=\"widget\" data-widget_type=\"image-box.default\">\n\t\t\t\t<div class=\"elementor-widget-container\">\n\t\t\t\t\t<div class=\"elementor-image-box-wrapper\"><figure class=\"elementor-image-box-img\"><a href=\"http:\/\/issho.website\/pt\/functional-analyst\/\" target=\"_blank\" tabindex=\"-1\"><img fetchpriority=\"high\" decoding=\"async\" width=\"640\" height=\"471\" src=\"https:\/\/issho.website\/wp-content\/uploads\/2020\/01\/issho_software_developer.jpg\" class=\"attachment-full size-full wp-image-4710\" alt=\"Software Developer ISSHO\" srcset=\"https:\/\/issho.website\/wp-content\/uploads\/2020\/01\/issho_software_developer.jpg 640w, https:\/\/issho.website\/wp-content\/uploads\/2020\/01\/issho_software_developer-300x221.jpg 300w\" sizes=\"(max-width: 640px) 100vw, 640px\" \/><\/a><\/figure><div class=\"elementor-image-box-content\"><h3 class=\"elementor-image-box-title\"><a href=\"http:\/\/issho.website\/pt\/functional-analyst\/\" target=\"_blank\">Functional Analyst<\/a><\/h3><\/div><\/div>\t\t\t\t<\/div>\n\t\t\t\t<\/div>\n\t\t\t\t\t<\/div>\n\t\t<\/div>\n\t\t\t\t<div class=\"elementor-column elementor-col-33 elementor-top-column elementor-element elementor-element-be30edb\" data-id=\"be30edb\" data-element_type=\"column\" data-e-type=\"column\">\n\t\t\t<div class=\"elementor-widget-wrap elementor-element-populated\">\n\t\t\t\t\t\t<div class=\"elementor-element elementor-element-bfb96ed elementor-position-top elementor-widget elementor-widget-image-box\" data-id=\"bfb96ed\" data-element_type=\"widget\" data-e-type=\"widget\" data-widget_type=\"image-box.default\">\n\t\t\t\t<div class=\"elementor-widget-container\">\n\t\t\t\t\t<div class=\"elementor-image-box-wrapper\"><figure class=\"elementor-image-box-img\"><a href=\"http:\/\/issho.website\/pt\/sales-executive\/\" target=\"_blank\" tabindex=\"-1\"><img fetchpriority=\"high\" decoding=\"async\" width=\"640\" height=\"471\" src=\"https:\/\/issho.website\/wp-content\/uploads\/2020\/01\/issho_software_developer.jpg\" class=\"attachment-full size-full wp-image-4710\" alt=\"Software Developer ISSHO\" srcset=\"https:\/\/issho.website\/wp-content\/uploads\/2020\/01\/issho_software_developer.jpg 640w, https:\/\/issho.website\/wp-content\/uploads\/2020\/01\/issho_software_developer-300x221.jpg 300w\" sizes=\"(max-width: 640px) 100vw, 640px\" \/><\/a><\/figure><div class=\"elementor-image-box-content\"><h3 class=\"elementor-image-box-title\"><a href=\"http:\/\/issho.website\/pt\/sales-executive\/\" target=\"_blank\">Sales Executive<\/a><\/h3><\/div><\/div>\t\t\t\t<\/div>\n\t\t\t\t<\/div>\n\t\t\t\t\t<\/div>\n\t\t<\/div>\n\t\t\t\t\t<\/div>\n\t\t<\/section>\n\t\t\t\t<section class=\"elementor-section elementor-top-section elementor-element elementor-element-53af01c elementor-section-stretched elementor-section-content-bottom elementor-section-boxed elementor-section-height-default elementor-section-height-default\" data-id=\"53af01c\" data-element_type=\"section\" data-e-type=\"section\" data-settings=\"{&quot;stretch_section&quot;:&quot;section-stretched&quot;,&quot;background_background&quot;:&quot;classic&quot;}\">\n\t\t\t\t\t\t<div class=\"elementor-container elementor-column-gap-default\">\n\t\t\t\t\t<div class=\"elementor-column elementor-col-100 elementor-top-column elementor-element elementor-element-b2aee95\" data-id=\"b2aee95\" data-element_type=\"column\" data-e-type=\"column\">\n\t\t\t<div class=\"elementor-widget-wrap elementor-element-populated\">\n\t\t\t\t\t\t<section class=\"elementor-section elementor-inner-section elementor-element elementor-element-66ba6f0 elementor-section-boxed elementor-section-height-default elementor-section-height-default\" data-id=\"66ba6f0\" data-element_type=\"section\" data-e-type=\"section\">\n\t\t\t\t\t\t<div class=\"elementor-container elementor-column-gap-default\">\n\t\t\t\t\t<div class=\"elementor-column elementor-col-50 elementor-inner-column elementor-element elementor-element-d5654e0\" data-id=\"d5654e0\" data-element_type=\"column\" data-e-type=\"column\">\n\t\t\t<div class=\"elementor-widget-wrap elementor-element-populated\">\n\t\t\t\t\t\t<div class=\"elementor-element elementor-element-6a9a31b elementor-widget elementor-widget-rt-text-with-button\" data-id=\"6a9a31b\" data-element_type=\"widget\" data-e-type=\"widget\" data-widget_type=\"rt-text-with-button.default\">\n\t\t\t\t<div class=\"elementor-widget-container\">\n\t\t\t\t\t<div class=\"no-animation\">\n\t<div class=\"section-title-holder no-animation\">\n\t\t<div class=\"title-text-button title-text-style1\">\t\t\n\t\t\t\t\t\t\t\t\t<div class=\"translate-bottom-75 opacity-animation transition-150 transition-delay-500\">\n\t\t\t\t<h2 class=\"rtin-title\">CANDIDATA-TE AQUI<\/h2>\n\t\t\t<\/div>\n\t\t\t\t\t\t\t\t\t<div class=\"translate-bottom-75 opacity-animation transition-150 transition-delay-1000\">\n\t\t\t\t<div class=\"rtin-content no-shape\"><span class=\"shape-line\"><\/span><p>Juntos, vamos fazer a ISSHO crescer. Se pensa que tem o perfil certo, envie-nos a sua candidatura.<\/p><\/div>\n\t\t\t<\/div>\n\t\t\t\t\t\n\t\t\t\t\t<\/div>\n\t<\/div>\n<\/div>\t\t\t\t<\/div>\n\t\t\t\t<\/div>\n\t\t\t\t<div class=\"elementor-element elementor-element-b712981 elementor-widget elementor-widget-shortcode\" data-id=\"b712981\" data-element_type=\"widget\" data-e-type=\"widget\" data-widget_type=\"shortcode.default\">\n\t\t\t\t<div class=\"elementor-widget-container\">\n\t\t\t\t\t\t\t<div class=\"elementor-shortcode\">\n<div class=\"wpcf7 no-js\" id=\"wpcf7-f4694-o1\" lang=\"en-US\" dir=\"ltr\" data-wpcf7-id=\"4694\">\n<div class=\"screen-reader-response\"><p role=\"status\" aria-live=\"polite\" aria-atomic=\"true\"><\/p> <ul><\/ul><\/div>\n<form action=\"\/pt\/wp-json\/wp\/v2\/pages\/4504#wpcf7-f4694-o1\" method=\"post\" class=\"wpcf7-form init\" aria-label=\"Contact form\" enctype=\"multipart\/form-data\" novalidate=\"novalidate\" data-status=\"init\" data-trp-original-action=\"\/pt\/wp-json\/wp\/v2\/pages\/4504#wpcf7-f4694-o1\">\n<fieldset class=\"hidden-fields-container\"><input type=\"hidden\" name=\"_wpcf7\" value=\"4694\" \/><input type=\"hidden\" name=\"_wpcf7_version\" value=\"6.1.5\" \/><input type=\"hidden\" name=\"_wpcf7_locale\" value=\"en_US\" \/><input type=\"hidden\" name=\"_wpcf7_unit_tag\" value=\"wpcf7-f4694-o1\" \/><input type=\"hidden\" name=\"_wpcf7_container_post\" value=\"0\" \/><input type=\"hidden\" name=\"_wpcf7_posted_data_hash\" value=\"\" \/><input type=\"hidden\" name=\"_wpcf7_recaptcha_response\" value=\"\" \/>\n<\/fieldset>\n<div class=\"help-form\">\n\t<div class=\"row gutters-10\">\n\t\t<div class=\"col-sm-6\">\n\t\t\t<div class=\"form-group\">\n\t\t\t\t<p><span class=\"wpcf7-form-control-wrap\" data-name=\"your-name\"><input size=\"40\" maxlength=\"400\" class=\"wpcf7-form-control wpcf7-text wpcf7-validates-as-required form-control\" aria-required=\"true\" aria-invalid=\"false\" placeholder=\"Nome*\" value=\"\" type=\"text\" name=\"your-name\" \/><\/span>\n\t\t\t\t<\/p>\n\t\t\t<\/div>\n\t\t<\/div>\n\t\t<div class=\"col-sm-6\">\n\t\t\t<div class=\"form-group\">\n\t\t\t\t<p><span class=\"wpcf7-form-control-wrap\" data-name=\"your-email\"><input size=\"40\" maxlength=\"400\" class=\"wpcf7-form-control wpcf7-email wpcf7-validates-as-required wpcf7-text wpcf7-validates-as-email form-control\" aria-required=\"true\" aria-invalid=\"false\" placeholder=\"E-mail*\" value=\"\" type=\"email\" name=\"your-email\" \/><\/span>\n\t\t\t\t<\/p>\n\t\t\t<\/div>\n\t\t<\/div>\n\t\t<div class=\"col-sm-12\">\n\t\t\t<div class=\"form-group\">\n\t\t\t\t<p><span class=\"wpcf7-form-control-wrap\" data-name=\"your-phone\"><input size=\"40\" maxlength=\"400\" class=\"wpcf7-form-control wpcf7-tel wpcf7-validates-as-required wpcf7-text wpcf7-validates-as-tel form-control\" aria-required=\"true\" aria-invalid=\"false\" placeholder=\"Telefone*\" value=\"\" type=\"tel\" name=\"your-phone\" \/><\/span>\n\t\t\t\t<\/p>\n\t\t\t<\/div>\n\t\t<\/div>\n\t\t<div class=\"col-sm-12\">\n\t\t\t<div class=\"form-group\">\n\t\t\t\t<p><span class=\"wpcf7-form-control-wrap\" data-name=\"job-offer\"><select class=\"wpcf7-form-control wpcf7-select wpcf7-validates-as-required\" aria-required=\"true\" aria-invalid=\"false\" name=\"job-offer\"><option value=\"\">&#8212;Please choose an option&#8212;<\/option><option value=\"Senior Software Developer\">Senior Software Developer<\/option><option value=\"Spontaneous Application\">Spontaneous Application<\/option><\/select><\/span>\n\t\t\t\t<\/p>\n\t\t\t<\/div>\n\t\t<\/div>\n\t\t<div class=\"col-sm-12\">\n\t\t\t<div class=\"form-group\">\n\t\t\t\t<div class=\"custom-file\">\n\t\t\t\t\t<p><span class=\"wpcf7-form-control-wrap\" data-name=\"cv\"><input size=\"40\" class=\"wpcf7-form-control wpcf7-file wpcf7-validates-as-required custom-file-input\" accept=\".pdf,.jpg,.doc,.docx\" aria-required=\"true\" aria-invalid=\"false\" type=\"file\" name=\"cv\" \/><\/span><label class=\"custom-file-label\" for=\"customFile\">Choose file<\/label>\n\t\t\t\t\t<\/p>\n\t\t\t\t<\/div>\n\t\t\t<\/div>\n\t\t<\/div>\n\t\t<div class=\"col-sm-12\">\n\t\t\t<p><span class=\"wpcf7-form-control-wrap\" data-name=\"acceptance-288\"><span class=\"wpcf7-form-control wpcf7-acceptance\"><span class=\"wpcf7-list-item\"><label><input type=\"checkbox\" name=\"acceptance-288\" value=\"1\" aria-invalid=\"false\" \/><span class=\"wpcf7-list-item-label\">Li e aceito a pol\u00edtica de privacidade da ISSHO Technology.*<\/span><\/label><\/span><\/span><\/span>\n\t\t\t<\/p>\n\t\t\t<div class=\"form-group text-left\">\n\t\t\t\t<p><button type=\"submit\" class=\"wpcf7-submit button-gradient-1\">Submeter<\/button>\n\t\t\t\t<\/p>\n\t\t\t<\/div>\n\t\t<\/div>\n\t\t<div class=\"col-sm-12\">\n\t\t<div class=\"wpcf7-response-output\" aria-hidden=\"true\"><\/div>\n\t\t<\/div>\n\t<\/div>\n<\/div>\n<input type=\"hidden\" name=\"trp-form-language\" value=\"pt\"\/><\/form>\n<\/div>\n<\/div>\n\t\t\t\t\t\t<\/div>\n\t\t\t\t<\/div>\n\t\t\t\t\t<\/div>\n\t\t<\/div>\n\t\t\t\t<div class=\"elementor-column elementor-col-50 elementor-inner-column elementor-element elementor-element-378db7d\" data-id=\"378db7d\" data-element_type=\"column\" data-e-type=\"column\">\n\t\t\t<div class=\"elementor-widget-wrap elementor-element-populated\">\n\t\t\t\t\t\t<div class=\"elementor-element elementor-element-a386b04 elementor-widget elementor-widget-image\" data-id=\"a386b04\" data-element_type=\"widget\" data-e-type=\"widget\" data-widget_type=\"image.default\">\n\t\t\t\t<div class=\"elementor-widget-container\">\n\t\t\t\t\t\t\t\t\t\t\t\t\t\t\t<img decoding=\"async\" width=\"2048\" height=\"2048\" src=\"https:\/\/issho.website\/wp-content\/uploads\/2022\/07\/contact_us.png\" class=\"attachment-full size-full wp-image-4647\" alt=\"Contact ISSHO\" srcset=\"https:\/\/issho.website\/wp-content\/uploads\/2022\/07\/contact_us.png 2048w, https:\/\/issho.website\/wp-content\/uploads\/2022\/07\/contact_us-300x300.png 300w, https:\/\/issho.website\/wp-content\/uploads\/2022\/07\/contact_us-1024x1024.png 1024w, https:\/\/issho.website\/wp-content\/uploads\/2022\/07\/contact_us-150x150.png 150w, https:\/\/issho.website\/wp-content\/uploads\/2022\/07\/contact_us-768x768.png 768w, https:\/\/issho.website\/wp-content\/uploads\/2022\/07\/contact_us-1536x1536.png 1536w, https:\/\/issho.website\/wp-content\/uploads\/2022\/07\/contact_us-12x12.png 12w\" sizes=\"(max-width: 2048px) 100vw, 2048px\" \/>\t\t\t\t\t\t\t\t\t\t\t\t\t\t\t<\/div>\n\t\t\t\t<\/div>\n\t\t\t\t\t<\/div>\n\t\t<\/div>\n\t\t\t\t\t<\/div>\n\t\t<\/section>\n\t\t\t\t\t<\/div>\n\t\t<\/div>\n\t\t\t\t\t<\/div>\n\t\t<\/section>\n\t\t\t\t<\/div>","protected":false},"excerpt":{"rendered":"<p>DO YOU WANT TO BE PART OF OUR TEAM? Working at ISSHO Technology means integrating a young and dedicated team, willing to learn and give their contribution to revolutionize the industrial production. We are a company that develops 3D configuration solutions that allow you to define project requirements and calculate the resources needed for its [&hellip;]<\/p>\n","protected":false},"author":1,"featured_media":0,"parent":0,"menu_order":0,"comment_status":"closed","ping_status":"closed","template":"","meta":{"footnotes":""},"class_list":["post-4504","page","type-page","status-publish","hentry"],"yoast_head":"<!-- This site is optimized with the Yoast SEO plugin v26.9 - https:\/\/yoast.com\/product\/yoast-seo-wordpress\/ -->\n<title>Careers - ISSHO<\/title>\n<meta name=\"robots\" content=\"index, follow, max-snippet:-1, max-image-preview:large, max-video-preview:-1\" \/>\n<link rel=\"canonical\" href=\"https:\/\/issho.website\/pt\/careers\/\" \/>\n<meta property=\"og:locale\" content=\"pt_PT\" \/>\n<meta property=\"og:type\" content=\"article\" \/>\n<meta property=\"og:title\" content=\"Careers - ISSHO\" \/>\n<meta property=\"og:description\" content=\"DO YOU WANT TO BE PART OF OUR TEAM? Working at ISSHO Technology means integrating a young and dedicated team, willing to learn and give their contribution to revolutionize the industrial production. We are a company that develops 3D configuration solutions that allow you to define project requirements and calculate the resources needed for its [&hellip;]\" \/>\n<meta property=\"og:url\" content=\"https:\/\/issho.website\/pt\/careers\/\" \/>\n<meta property=\"og:site_name\" content=\"ISSHO\" \/>\n<meta property=\"article:publisher\" content=\"https:\/\/www.facebook.com\/isshotechnology\/\" \/>\n<meta property=\"article:modified_time\" content=\"2025-08-06T16:28:57+00:00\" \/>\n<meta property=\"og:image\" content=\"https:\/\/issho.website\/wp-content\/uploads\/2020\/01\/issho_software_developer.jpg\" \/>\n<meta name=\"twitter:card\" content=\"summary_large_image\" \/>\n<meta name=\"twitter:label1\" content=\"Tempo estimado de leitura\" \/>\n\t<meta name=\"twitter:data1\" content=\"2 minutos\" \/>\n<script type=\"application\/ld+json\" class=\"yoast-schema-graph\">{\"@context\":\"https:\/\/schema.org\",\"@graph\":[{\"@type\":\"WebPage\",\"@id\":\"https:\/\/issho.website\/careers\/\",\"url\":\"https:\/\/issho.website\/careers\/\",\"name\":\"Careers - ISSHO\",\"isPartOf\":{\"@id\":\"https:\/\/issho.website\/#website\"},\"primaryImageOfPage\":{\"@id\":\"https:\/\/issho.website\/careers\/#primaryimage\"},\"image\":{\"@id\":\"https:\/\/issho.website\/careers\/#primaryimage\"},\"thumbnailUrl\":\"https:\/\/issho.website\/wp-content\/uploads\/2020\/01\/issho_software_developer.jpg\",\"datePublished\":\"2022-07-16T16:10:21+00:00\",\"dateModified\":\"2025-08-06T16:28:57+00:00\",\"breadcrumb\":{\"@id\":\"https:\/\/issho.website\/careers\/#breadcrumb\"},\"inLanguage\":\"pt-PT\",\"potentialAction\":[{\"@type\":\"ReadAction\",\"target\":[\"https:\/\/issho.website\/careers\/\"]}]},{\"@type\":\"ImageObject\",\"inLanguage\":\"pt-PT\",\"@id\":\"https:\/\/issho.website\/careers\/#primaryimage\",\"url\":\"https:\/\/issho.website\/wp-content\/uploads\/2020\/01\/issho_software_developer.jpg\",\"contentUrl\":\"https:\/\/issho.website\/wp-content\/uploads\/2020\/01\/issho_software_developer.jpg\"},{\"@type\":\"BreadcrumbList\",\"@id\":\"https:\/\/issho.website\/careers\/#breadcrumb\",\"itemListElement\":[{\"@type\":\"ListItem\",\"position\":1,\"name\":\"Home\",\"item\":\"https:\/\/issho.website\/\"},{\"@type\":\"ListItem\",\"position\":2,\"name\":\"Careers\"}]},{\"@type\":\"WebSite\",\"@id\":\"https:\/\/issho.website\/#website\",\"url\":\"https:\/\/issho.website\/\",\"name\":\"ISSHO\",\"description\":\"Industrial 3D Configurator\",\"publisher\":{\"@id\":\"https:\/\/issho.website\/#organization\"},\"potentialAction\":[{\"@type\":\"SearchAction\",\"target\":{\"@type\":\"EntryPoint\",\"urlTemplate\":\"https:\/\/issho.website\/?s={search_term_string}\"},\"query-input\":{\"@type\":\"PropertyValueSpecification\",\"valueRequired\":true,\"valueName\":\"search_term_string\"}}],\"inLanguage\":\"pt-PT\"},{\"@type\":\"Organization\",\"@id\":\"https:\/\/issho.website\/#organization\",\"name\":\"Issho Technology Lda\",\"url\":\"https:\/\/issho.website\/\",\"logo\":{\"@type\":\"ImageObject\",\"inLanguage\":\"pt-PT\",\"@id\":\"https:\/\/issho.website\/#\/schema\/logo\/image\/\",\"url\":\"https:\/\/issho.website\/wp-content\/uploads\/2022\/07\/Issho-\u2013-Logo-Sem-Assinatura.png\",\"contentUrl\":\"https:\/\/issho.website\/wp-content\/uploads\/2022\/07\/Issho-\u2013-Logo-Sem-Assinatura.png\",\"width\":3889,\"height\":1667,\"caption\":\"Issho Technology Lda\"},\"image\":{\"@id\":\"https:\/\/issho.website\/#\/schema\/logo\/image\/\"},\"sameAs\":[\"https:\/\/www.facebook.com\/isshotechnology\/\",\"https:\/\/www.linkedin.com\/company\/isshotechnology\",\"https:\/\/www.youtube.com\/channel\/UCgQGwai4229phOQsaT1A3bQ\"]}]}<\/script>\n<!-- \/ Yoast SEO plugin. -->","yoast_head_json":{"title":"Careers - ISSHO","robots":{"index":"index","follow":"follow","max-snippet":"max-snippet:-1","max-image-preview":"max-image-preview:large","max-video-preview":"max-video-preview:-1"},"canonical":"https:\/\/issho.website\/pt\/careers\/","og_locale":"pt_PT","og_type":"article","og_title":"Careers - ISSHO","og_description":"DO YOU WANT TO BE PART OF OUR TEAM? Working at ISSHO Technology means integrating a young and dedicated team, willing to learn and give their contribution to revolutionize the industrial production. We are a company that develops 3D configuration solutions that allow you to define project requirements and calculate the resources needed for its [&hellip;]","og_url":"https:\/\/issho.website\/pt\/careers\/","og_site_name":"ISSHO","article_publisher":"https:\/\/www.facebook.com\/isshotechnology\/","article_modified_time":"2025-08-06T16:28:57+00:00","og_image":[{"url":"https:\/\/issho.website\/wp-content\/uploads\/2020\/01\/issho_software_developer.jpg","type":"","width":"","height":""}],"twitter_card":"summary_large_image","twitter_misc":{"Tempo estimado de leitura":"2 minutos"},"schema":{"@context":"https:\/\/schema.org","@graph":[{"@type":"WebPage","@id":"https:\/\/issho.website\/careers\/","url":"https:\/\/issho.website\/careers\/","name":"Careers - ISSHO","isPartOf":{"@id":"https:\/\/issho.website\/#website"},"primaryImageOfPage":{"@id":"https:\/\/issho.website\/careers\/#primaryimage"},"image":{"@id":"https:\/\/issho.website\/careers\/#primaryimage"},"thumbnailUrl":"https:\/\/issho.website\/wp-content\/uploads\/2020\/01\/issho_software_developer.jpg","datePublished":"2022-07-16T16:10:21+00:00","dateModified":"2025-08-06T16:28:57+00:00","breadcrumb":{"@id":"https:\/\/issho.website\/careers\/#breadcrumb"},"inLanguage":"pt-PT","potentialAction":[{"@type":"ReadAction","target":["https:\/\/issho.website\/careers\/"]}]},{"@type":"ImageObject","inLanguage":"pt-PT","@id":"https:\/\/issho.website\/careers\/#primaryimage","url":"https:\/\/issho.website\/wp-content\/uploads\/2020\/01\/issho_software_developer.jpg","contentUrl":"https:\/\/issho.website\/wp-content\/uploads\/2020\/01\/issho_software_developer.jpg"},{"@type":"BreadcrumbList","@id":"https:\/\/issho.website\/careers\/#breadcrumb","itemListElement":[{"@type":"ListItem","position":1,"name":"Home","item":"https:\/\/issho.website\/"},{"@type":"ListItem","position":2,"name":"Careers"}]},{"@type":"WebSite","@id":"https:\/\/issho.website\/#website","url":"https:\/\/issho.website\/","name":"ISSHO","description":"Configurador 3D industrial","publisher":{"@id":"https:\/\/issho.website\/#organization"},"potentialAction":[{"@type":"SearchAction","target":{"@type":"EntryPoint","urlTemplate":"https:\/\/issho.website\/?s={search_term_string}"},"query-input":{"@type":"PropertyValueSpecification","valueRequired":true,"valueName":"search_term_string"}}],"inLanguage":"pt-PT"},{"@type":"Organization","@id":"https:\/\/issho.website\/#organization","name":"Issho Technology Lda","url":"https:\/\/issho.website\/","logo":{"@type":"ImageObject","inLanguage":"pt-PT","@id":"https:\/\/issho.website\/#\/schema\/logo\/image\/","url":"https:\/\/issho.website\/wp-content\/uploads\/2022\/07\/Issho-\u2013-Logo-Sem-Assinatura.png","contentUrl":"https:\/\/issho.website\/wp-content\/uploads\/2022\/07\/Issho-\u2013-Logo-Sem-Assinatura.png","width":3889,"height":1667,"caption":"Issho Technology Lda"},"image":{"@id":"https:\/\/issho.website\/#\/schema\/logo\/image\/"},"sameAs":["https:\/\/www.facebook.com\/isshotechnology\/","https:\/\/www.linkedin.com\/company\/isshotechnology","https:\/\/www.youtube.com\/channel\/UCgQGwai4229phOQsaT1A3bQ"]}]}},"_links":{"self":[{"href":"http:\/\/issho.website\/pt\/wp-json\/wp\/v2\/pages\/4504","targetHints":{"allow":["GET"]}}],"collection":[{"href":"http:\/\/issho.website\/pt\/wp-json\/wp\/v2\/pages"}],"about":[{"href":"http:\/\/issho.website\/pt\/wp-json\/wp\/v2\/types\/page"}],"author":[{"embeddable":true,"href":"http:\/\/issho.website\/pt\/wp-json\/wp\/v2\/users\/1"}],"replies":[{"embeddable":true,"href":"http:\/\/issho.website\/pt\/wp-json\/wp\/v2\/comments?post=4504"}],"version-history":[{"count":81,"href":"http:\/\/issho.website\/pt\/wp-json\/wp\/v2\/pages\/4504\/revisions"}],"predecessor-version":[{"id":5449,"href":"http:\/\/issho.website\/pt\/wp-json\/wp\/v2\/pages\/4504\/revisions\/5449"}],"wp:attachment":[{"href":"http:\/\/issho.website\/pt\/wp-json\/wp\/v2\/media?parent=4504"}],"curies":[{"name":"wp","href":"https:\/\/api.w.org\/{rel}","templated":true}]}}