{"id":4802,"date":"2022-07-22T10:51:05","date_gmt":"2022-07-22T10:51:05","guid":{"rendered":"https:\/\/issho.website\/new\/?page_id=4802"},"modified":"2022-07-22T15:52:50","modified_gmt":"2022-07-22T15:52:50","slug":"privacy-policy","status":"publish","type":"page","link":"http:\/\/issho.website\/pt\/privacy-policy\/","title":{"rendered":"Pol\u00edtica de Privacidade"},"content":{"rendered":"<div data-elementor-type=\"wp-page\" data-elementor-id=\"4802\" class=\"elementor elementor-4802\">\n\t\t\t\t\t\t<section class=\"elementor-section elementor-top-section elementor-element elementor-element-1abebe6 elementor-section-boxed elementor-section-height-default elementor-section-height-default\" data-id=\"1abebe6\" data-element_type=\"section\" data-e-type=\"section\">\n\t\t\t\t\t\t<div class=\"elementor-container elementor-column-gap-default\">\n\t\t\t\t\t<div class=\"elementor-column elementor-col-100 elementor-top-column elementor-element elementor-element-edb021e\" data-id=\"edb021e\" data-element_type=\"column\" data-e-type=\"column\">\n\t\t\t<div class=\"elementor-widget-wrap elementor-element-populated\">\n\t\t\t\t\t\t<div class=\"elementor-element elementor-element-90db671 elementor-widget elementor-widget-text-editor\" data-id=\"90db671\" data-element_type=\"widget\" data-e-type=\"widget\" data-widget_type=\"text-editor.default\">\n\t\t\t\t<div class=\"elementor-widget-container\">\n\t\t\t\t\t\t\t\t\t<h4>A ISSHO respeita-o e aos seus dados pessoais. Caso esteja a ter uma m\u00e1 experi\u00eancia com a ISSHO, por favor envie um e-mail para <a href=\"mailto:support@issho.email\">support@issho.email<\/a><\/h4><h5>\u00a0<\/h5><p><strong>Que informa\u00e7\u00e3o recolhemos?<\/strong><\/p><p>Recolhemos informa\u00e7\u00f5es suas quando subscreve a nossa newsletter, responde a um inqu\u00e9rito ou preenche um formul\u00e1rio. Poder\u00e1 ser-lhe pedido que introduza o seu: nome, email, n\u00famero de telefone, cargo e nome da empresa. Ou atrav\u00e9s da liga\u00e7\u00e3o a uma das redes sociais dispon\u00edveis.<\/p><p><strong>Para que usamos a sua informa\u00e7\u00e3o?<\/strong><\/p><p>Qualquer informa\u00e7\u00e3o sua que recolhemos pode ser utilizada de uma das seguintes formas:<\/p><ul><li>Para personalizar a sua experi\u00eancia. A sua informa\u00e7\u00e3o ajuda-nos a responder melhor \u00e0s suas necessidades individuais.<\/li><li>Para melhorar o nossosite. Esfor\u00e7amo-nos continuamente por melhorar a nossa oferta com base nas informa\u00e7\u00f5es e feedback que recebemos.<\/li><li>Para melhorar o servi\u00e7o ao cliente. A sua informa\u00e7\u00e3o ajuda-nos a responder mais eficazmente aos seus pedidos e \u00e0s suas necessidades de suporte.<\/li><li>Para processar transa\u00e7\u00f5es. As suas informa\u00e7\u00f5es, pessoais ou p\u00fablicas, n\u00e3o ser\u00e3o vendidas, trocadas, transferidas, ou dadas a qualquer outra empresa por qualquer motivo, sem o seu consentimento, exceto com o objetivo expresso de entregar o produto ou servi\u00e7o adquirido.<\/li><li>Para gerir um concurso, promo\u00e7\u00e3o, inqu\u00e9rito ou outra funcionalidade do site.<\/li><li>Para enviar e-mails peri\u00f3dicos.<br \/>O endere\u00e7o de correio electr\u00f3nico que fornecer pode ser utilizado para lhe enviar informa\u00e7\u00f5es, promover novas funcionalidades e produtos, responder a inqu\u00e9ritos e\/ou outros pedidos ou perguntas.<\/li><\/ul><p><em>Nota: Se em qualquer altura quiser cancelar a sua subscri\u00e7\u00e3o, inclu\u00edmos instru\u00e7\u00f5es detalhadas para cancelar a subscri\u00e7\u00e3o na parte inferior de cada e-mail.<\/em><\/p><p><strong>Como protegemos a sua informa\u00e7\u00e3o?<\/strong><\/p><p>Implementamos v\u00e1rias medidas de seguran\u00e7a para manter as suas informa\u00e7\u00f5es pessoais seguras, quando entra, submete ou acede \u00e0s mesmas.<\/p><p><strong>N\u00f3s usamos cookies?<\/strong><\/p><p>Sim. Os cookies s\u00e3o pequenos ficheiros que um site ou outro fornecedor transfere para o disco r\u00edgido do seu computador atrav\u00e9s do seu browser (se permitir) que possibilita que estes reconhe\u00e7am o seu browser, capturem e memorizem certas informa\u00e7\u00f5es.<\/p><p>Na ISSHO utilizamos cookies para nos ajudar a lembrar porque nos contactou, compreender e guardar as suas prefer\u00eancias para futuras visitas e compilar dados agregados sobre o tr\u00e1fego e intera\u00e7\u00e3o do site, para que possamos oferecer melhores experi\u00eancias e ferramentas no futuro. Podemos celebrar contratos com prestadores de servi\u00e7os terceiros para nos ajudar a compreender melhor os visitantes do nosso site. Estes prestadores de servi\u00e7os n\u00e3o est\u00e3o autorizados a utilizar as informa\u00e7\u00f5es recolhidas em nosso nome, exceto para nos ajudar a conduzir e melhorar os nossos neg\u00f3cios.<\/p><p>Aqui est\u00e1 uma lista de servi\u00e7os externos que utilizamos:<\/p><ul><li>Google Analytics<\/li><li>Hotjar<\/li><li>Hubspot<\/li><\/ul><p>Se preferir, pode optar por ativar uma notifica\u00e7\u00e3o, no seu computador, de cada vez que um cookie \u00e9 enviado, ou em alternativa por desativar todos os cookies atrav\u00e9s das defini\u00e7\u00f5es do seu browser. Se desativar os seus cookies, todos os nossos servi\u00e7os funcionar\u00e3o corretamente na mesma.<\/p><p><strong>Divulgamos alguma informa\u00e7\u00e3o a entidades externas?<\/strong><\/p><p>N\u00f3s n\u00e3o vendemos, trocamos, ou transferimos para entidades externas as suas informa\u00e7\u00f5es pessoais. Isto n\u00e3o inclui entidades terceiras da nossa confian\u00e7a, que nos ajudam a operar o nosso website, a conduzir os nossos neg\u00f3cios, ou a prestar-lhe assist\u00eancia, desde que essas partes concordem em manter essas informa\u00e7\u00f5es confidenciais e seguras. Poderemos tamb\u00e9m divulgar as suas informa\u00e7\u00f5es quando considerarmos que a divulga\u00e7\u00e3o \u00e9 apropriada para cumprir a lei, fazer cumprir as nossas pol\u00edticas do site, ou proteger os nossos ou outros direitos, propriedade, ou seguran\u00e7a. No entanto, poder\u00e3o ser fornecidas informa\u00e7\u00f5es pessoais n\u00e3o identific\u00e1veis a outras partes para objetivos de marketing, publicidade, ou outras utiliza\u00e7\u00f5es.<\/p><p><strong>Links para entidades terceiras<\/strong><\/p><p>Ocasionalmente, a nosso crit\u00e9rio, podemos incluir ou oferecer produtos ou servi\u00e7os de terceiros no nosso website. Estes sites de terceiros t\u00eam pol\u00edticas de privacidade separadas e independentes. N\u00e3o temos, portanto, qualquer responsabilidade ou obriga\u00e7\u00e3o pelo conte\u00fado e atividades destes sites. No entanto, procuramos proteger a integridade do nosso site e agradecemos qualquer feedback sobre estes mesmos sites.<\/p><p><strong>Regulamento Geral Europeu de Prote\u00e7\u00e3o de Dados (GDPR)<\/strong><\/p><p>A tecnologia ISSHO apoia o GDPR. Cumprimos os requisitos da GDPR. N\u00e3o utilizamos os seus dados sem o seu consentimento, e pedimos-lhe esse consentimento de uma forma clara. Por favor, consulte aqui os Princ\u00edpios de Prote\u00e7\u00e3o de Dados da nossa equipa.<\/p><p><strong>Cumprimento da Lei de Prote\u00e7\u00e3o da Privacidade Online das Crian\u00e7as<\/strong><\/p><p>Cumprimos os requisitos da COPPA (Children's Online Privacy Protection Act), n\u00e3o recolhemos qualquer informa\u00e7\u00e3o de ningu\u00e9m com menos de 13 anos. O nosso site, produtos e servi\u00e7os s\u00e3o todos dirigidos a pessoas com pelo menos 13 anos ou mais.<\/p><p><strong>Pol\u00edtica de Privacidade Online apenas<\/strong><\/p><p>Esta pol\u00edtica de privacidade online aplica-se apenas \u00e0 informa\u00e7\u00e3o recolhida atrav\u00e9s do nosso site e n\u00e3o \u00e0 informa\u00e7\u00e3o recolhida offline.<\/p><p><strong>Termos e Condi\u00e7\u00f5es<\/strong><\/p><p>Visite tamb\u00e9m a nossa sec\u00e7\u00e3o de Termos de Utiliza\u00e7\u00e3o que estabelece o uso, isen\u00e7\u00f5es de responsabilidade e limita\u00e7\u00f5es de responsabilidade que regem a utiliza\u00e7\u00e3o do nosso website em <a href=\"http:\/\/issho.website\/pt\/terms-of-use\/\" target=\"_blank\" rel=\"noopener\">http:\/\/www.issho.website\/pt\/termos-de-utilizacao<\/a><\/p><p><strong>O seu consentimento<\/strong><\/p><p>Quando visita o nosso site pela primeira vez, \u00e9-lhe pedido o seu consentimento. Sempre que lhe solicitarmos informa\u00e7\u00f5es pessoais, poderemos tamb\u00e9m pedir-lhe o seu consentimento. Por exemplo, se solicitar uma demonstra\u00e7\u00e3o do produto ou se descarregar qualquer uma dos nossos conte\u00fados, por qualquer raz\u00e3o claramente descrita, precisamos ou necessitamos de utilizar os seus dados.<\/p><p><strong>Mudan\u00e7as na nossa Pol\u00edtica de Privacidade<\/strong><\/p><p>Se decidirmos alterar a nossa pol\u00edtica de privacidade, publicaremos essas altera\u00e7\u00f5es nesta p\u00e1gina, e\/ou atualizaremos a data de altera\u00e7\u00e3o da Pol\u00edtica de Privacidade abaixo.<\/p><p>Esta pol\u00edtica foi modificada pela \u00faltima vez a 22 de Julho de 2022.<\/p><p><strong>Contacte-nos<\/strong><\/p><p>Se houver quaisquer quest\u00f5es relativas a esta pol\u00edtica de privacidade, poder\u00e1 contactar-nos utilizando as informa\u00e7\u00f5es abaixo.<\/p><p>ISSHO Technology, Lda<br \/>Rua da Constitui\u00e7\u00e3o 352<br \/>Piso 1 Sala 73<br \/>4200-192 Porto<br \/>PORTUGAL<br \/>E: <a href=\"mailto:support@issho.email\">support@issho.email<\/a><br \/>T: +351 928 500 496<\/p>\t\t\t\t\t\t\t\t<\/div>\n\t\t\t\t<\/div>\n\t\t\t\t\t<\/div>\n\t\t<\/div>\n\t\t\t\t\t<\/div>\n\t\t<\/section>\n\t\t\t\t<\/div>","protected":false},"excerpt":{"rendered":"<p>ISSHO respects you and your personal data. In case you are having a bad experience with ISSHO, please contact us at support@issho.email &nbsp; What information do we collect? We collect information from you when you subscribe to our newsletter, respond to a survey or fill out a form. You may be asked to enter your: [&hellip;]<\/p>\n","protected":false},"author":1,"featured_media":0,"parent":0,"menu_order":0,"comment_status":"closed","ping_status":"closed","template":"","meta":{"footnotes":""},"class_list":["post-4802","page","type-page","status-publish","hentry"],"yoast_head":"<!-- This site is optimized with the Yoast SEO plugin v26.9 - https:\/\/yoast.com\/product\/yoast-seo-wordpress\/ -->\n<title>ISSHO - Privacy Policy<\/title>\n<meta name=\"description\" content=\"ISSHO respects you and your personal data. Please read our pivacy policy to be aware of the best practices we follow.\" \/>\n<meta name=\"robots\" content=\"index, follow, max-snippet:-1, max-image-preview:large, max-video-preview:-1\" \/>\n<link rel=\"canonical\" href=\"https:\/\/issho.website\/pt\/privacy-policy\/\" \/>\n<meta property=\"og:locale\" content=\"pt_PT\" \/>\n<meta property=\"og:type\" content=\"article\" \/>\n<meta property=\"og:title\" content=\"ISSHO - Privacy Policy\" \/>\n<meta property=\"og:description\" content=\"ISSHO respects you and your personal data. Please read our pivacy policy to be aware of the best practices we follow.\" \/>\n<meta property=\"og:url\" content=\"https:\/\/issho.website\/pt\/privacy-policy\/\" \/>\n<meta property=\"og:site_name\" content=\"ISSHO\" \/>\n<meta property=\"article:publisher\" content=\"https:\/\/www.facebook.com\/isshotechnology\/\" \/>\n<meta property=\"article:modified_time\" content=\"2022-07-22T15:52:50+00:00\" \/>\n<meta name=\"twitter:card\" content=\"summary_large_image\" \/>\n<meta name=\"twitter:label1\" content=\"Tempo estimado de leitura\" \/>\n\t<meta name=\"twitter:data1\" content=\"5 minutos\" \/>\n<script type=\"application\/ld+json\" class=\"yoast-schema-graph\">{\"@context\":\"https:\/\/schema.org\",\"@graph\":[{\"@type\":\"WebPage\",\"@id\":\"https:\/\/issho.website\/privacy-policy\/\",\"url\":\"https:\/\/issho.website\/privacy-policy\/\",\"name\":\"ISSHO - Privacy Policy\",\"isPartOf\":{\"@id\":\"https:\/\/issho.website\/#website\"},\"datePublished\":\"2022-07-22T10:51:05+00:00\",\"dateModified\":\"2022-07-22T15:52:50+00:00\",\"description\":\"ISSHO respects you and your personal data. Please read our pivacy policy to be aware of the best practices we follow.\",\"breadcrumb\":{\"@id\":\"https:\/\/issho.website\/privacy-policy\/#breadcrumb\"},\"inLanguage\":\"pt-PT\",\"potentialAction\":[{\"@type\":\"ReadAction\",\"target\":[\"https:\/\/issho.website\/privacy-policy\/\"]}]},{\"@type\":\"BreadcrumbList\",\"@id\":\"https:\/\/issho.website\/privacy-policy\/#breadcrumb\",\"itemListElement\":[{\"@type\":\"ListItem\",\"position\":1,\"name\":\"Home\",\"item\":\"https:\/\/issho.website\/\"},{\"@type\":\"ListItem\",\"position\":2,\"name\":\"Privacy Policy\"}]},{\"@type\":\"WebSite\",\"@id\":\"https:\/\/issho.website\/#website\",\"url\":\"https:\/\/issho.website\/\",\"name\":\"ISSHO\",\"description\":\"Industrial 3D Configurator\",\"publisher\":{\"@id\":\"https:\/\/issho.website\/#organization\"},\"potentialAction\":[{\"@type\":\"SearchAction\",\"target\":{\"@type\":\"EntryPoint\",\"urlTemplate\":\"https:\/\/issho.website\/?s={search_term_string}\"},\"query-input\":{\"@type\":\"PropertyValueSpecification\",\"valueRequired\":true,\"valueName\":\"search_term_string\"}}],\"inLanguage\":\"pt-PT\"},{\"@type\":\"Organization\",\"@id\":\"https:\/\/issho.website\/#organization\",\"name\":\"Issho Technology Lda\",\"url\":\"https:\/\/issho.website\/\",\"logo\":{\"@type\":\"ImageObject\",\"inLanguage\":\"pt-PT\",\"@id\":\"https:\/\/issho.website\/#\/schema\/logo\/image\/\",\"url\":\"https:\/\/issho.website\/wp-content\/uploads\/2022\/07\/Issho-\u2013-Logo-Sem-Assinatura.png\",\"contentUrl\":\"https:\/\/issho.website\/wp-content\/uploads\/2022\/07\/Issho-\u2013-Logo-Sem-Assinatura.png\",\"width\":3889,\"height\":1667,\"caption\":\"Issho Technology Lda\"},\"image\":{\"@id\":\"https:\/\/issho.website\/#\/schema\/logo\/image\/\"},\"sameAs\":[\"https:\/\/www.facebook.com\/isshotechnology\/\",\"https:\/\/www.linkedin.com\/company\/isshotechnology\",\"https:\/\/www.youtube.com\/channel\/UCgQGwai4229phOQsaT1A3bQ\"]}]}<\/script>\n<!-- \/ Yoast SEO plugin. -->","yoast_head_json":{"title":"ISSHO - Privacy Policy","description":"ISSHO respects you and your personal data. Please read our pivacy policy to be aware of the best practices we follow.","robots":{"index":"index","follow":"follow","max-snippet":"max-snippet:-1","max-image-preview":"max-image-preview:large","max-video-preview":"max-video-preview:-1"},"canonical":"https:\/\/issho.website\/pt\/privacy-policy\/","og_locale":"pt_PT","og_type":"article","og_title":"ISSHO - Privacy Policy","og_description":"ISSHO respects you and your personal data. Please read our pivacy policy to be aware of the best practices we follow.","og_url":"https:\/\/issho.website\/pt\/privacy-policy\/","og_site_name":"ISSHO","article_publisher":"https:\/\/www.facebook.com\/isshotechnology\/","article_modified_time":"2022-07-22T15:52:50+00:00","twitter_card":"summary_large_image","twitter_misc":{"Tempo estimado de leitura":"5 minutos"},"schema":{"@context":"https:\/\/schema.org","@graph":[{"@type":"WebPage","@id":"https:\/\/issho.website\/privacy-policy\/","url":"https:\/\/issho.website\/privacy-policy\/","name":"ISSHO - Privacy Policy","isPartOf":{"@id":"https:\/\/issho.website\/#website"},"datePublished":"2022-07-22T10:51:05+00:00","dateModified":"2022-07-22T15:52:50+00:00","description":"ISSHO respects you and your personal data. Please read our pivacy policy to be aware of the best practices we follow.","breadcrumb":{"@id":"https:\/\/issho.website\/privacy-policy\/#breadcrumb"},"inLanguage":"pt-PT","potentialAction":[{"@type":"ReadAction","target":["https:\/\/issho.website\/privacy-policy\/"]}]},{"@type":"BreadcrumbList","@id":"https:\/\/issho.website\/privacy-policy\/#breadcrumb","itemListElement":[{"@type":"ListItem","position":1,"name":"Home","item":"https:\/\/issho.website\/"},{"@type":"ListItem","position":2,"name":"Privacy Policy"}]},{"@type":"WebSite","@id":"https:\/\/issho.website\/#website","url":"https:\/\/issho.website\/","name":"ISSHO","description":"Configurador 3D industrial","publisher":{"@id":"https:\/\/issho.website\/#organization"},"potentialAction":[{"@type":"SearchAction","target":{"@type":"EntryPoint","urlTemplate":"https:\/\/issho.website\/?s={search_term_string}"},"query-input":{"@type":"PropertyValueSpecification","valueRequired":true,"valueName":"search_term_string"}}],"inLanguage":"pt-PT"},{"@type":"Organization","@id":"https:\/\/issho.website\/#organization","name":"Issho Technology Lda","url":"https:\/\/issho.website\/","logo":{"@type":"ImageObject","inLanguage":"pt-PT","@id":"https:\/\/issho.website\/#\/schema\/logo\/image\/","url":"https:\/\/issho.website\/wp-content\/uploads\/2022\/07\/Issho-\u2013-Logo-Sem-Assinatura.png","contentUrl":"https:\/\/issho.website\/wp-content\/uploads\/2022\/07\/Issho-\u2013-Logo-Sem-Assinatura.png","width":3889,"height":1667,"caption":"Issho Technology Lda"},"image":{"@id":"https:\/\/issho.website\/#\/schema\/logo\/image\/"},"sameAs":["https:\/\/www.facebook.com\/isshotechnology\/","https:\/\/www.linkedin.com\/company\/isshotechnology","https:\/\/www.youtube.com\/channel\/UCgQGwai4229phOQsaT1A3bQ"]}]}},"_links":{"self":[{"href":"http:\/\/issho.website\/pt\/wp-json\/wp\/v2\/pages\/4802","targetHints":{"allow":["GET"]}}],"collection":[{"href":"http:\/\/issho.website\/pt\/wp-json\/wp\/v2\/pages"}],"about":[{"href":"http:\/\/issho.website\/pt\/wp-json\/wp\/v2\/types\/page"}],"author":[{"embeddable":true,"href":"http:\/\/issho.website\/pt\/wp-json\/wp\/v2\/users\/1"}],"replies":[{"embeddable":true,"href":"http:\/\/issho.website\/pt\/wp-json\/wp\/v2\/comments?post=4802"}],"version-history":[{"count":6,"href":"http:\/\/issho.website\/pt\/wp-json\/wp\/v2\/pages\/4802\/revisions"}],"predecessor-version":[{"id":4808,"href":"http:\/\/issho.website\/pt\/wp-json\/wp\/v2\/pages\/4802\/revisions\/4808"}],"wp:attachment":[{"href":"http:\/\/issho.website\/pt\/wp-json\/wp\/v2\/media?parent=4802"}],"curies":[{"name":"wp","href":"https:\/\/api.w.org\/{rel}","templated":true}]}}