{"id":4809,"date":"2022-07-22T11:20:39","date_gmt":"2022-07-22T11:20:39","guid":{"rendered":"https:\/\/issho.website\/new\/?page_id=4809"},"modified":"2022-07-22T15:54:48","modified_gmt":"2022-07-22T15:54:48","slug":"terms-of-use","status":"publish","type":"page","link":"http:\/\/issho.website\/pt\/terms-of-use\/","title":{"rendered":"Termos de Utiliza\u00e7\u00e3o"},"content":{"rendered":"<div data-elementor-type=\"wp-page\" data-elementor-id=\"4809\" class=\"elementor elementor-4809\">\n\t\t\t\t\t\t<section class=\"elementor-section elementor-top-section elementor-element elementor-element-259438f elementor-section-boxed elementor-section-height-default elementor-section-height-default\" data-id=\"259438f\" data-element_type=\"section\" data-e-type=\"section\">\n\t\t\t\t\t\t<div class=\"elementor-container elementor-column-gap-default\">\n\t\t\t\t\t<div class=\"elementor-column elementor-col-100 elementor-top-column elementor-element elementor-element-11f2f69\" data-id=\"11f2f69\" data-element_type=\"column\" data-e-type=\"column\">\n\t\t\t<div class=\"elementor-widget-wrap elementor-element-populated\">\n\t\t\t\t\t\t<div class=\"elementor-element elementor-element-c2c39de elementor-widget elementor-widget-text-editor\" data-id=\"c2c39de\" data-element_type=\"widget\" data-e-type=\"widget\" data-widget_type=\"text-editor.default\">\n\t\t\t\t<div class=\"elementor-widget-container\">\n\t\t\t\t\t\t\t\t\t<h4>Caso esteja a ter uma m\u00e1 experi\u00eancia com a ISSHO, por favor envie email para <a href=\"mailto:support@issho.email\">support@issho.email<\/a><\/h4><h4><br \/>Termos de Utiliza\u00e7\u00e3o da ISSHO Technology (\"Acordo\")<\/h4><p>Este Acordo foi modificado pela \u00faltima vez em 22 de Julho de 2022.<\/p><p>\u00a0<\/p><p>Por favor leia cuidadosamente estes Termos e Condi\u00e7\u00f5es (\"Acordo\", \"Termos e Condi\u00e7\u00f5es\") antes de utilizar <a href=\"http:\/\/issho.website\/pt\/\">www.issho.website<\/a> (\"o site\") gerido pela ISSHO Technology (\"n\u00f3s\" ou \"nosso\"). O presente Acordo estabelece os termos e condi\u00e7\u00f5es legalmente vinculativos para a sua utiliza\u00e7\u00e3o em <a href=\"http:\/\/issho.website\/pt\/\">www.issho.website<\/a><\/p><p>Ao aceder ou utilizar o site de qualquer forma, incluindo, mas n\u00e3o se limitando a, visitar ou navegar no site ou contribuir com conte\u00fado ou outros materiais para este, o utilizador acdeita estes Termos e Condi\u00e7\u00f5es. Os termos principais encontram-se definidos no presente Acordo.<\/p><p><strong>Propriedade Intelectual<\/strong><\/p><p>O site e o seu conte\u00fado, caracter\u00edsticas e funcionalidades s\u00e3o propriedade da ISSHO Technology, Lda e s\u00e3o protegidos por leis internacionais de direitos de autor, marcas registadas, patentes, segredos comerciais e outras leis de propriedade intelectual ou de direito de propriedade.<\/p><p><strong>T\u00e9rmino<\/strong><\/p><p>Podemos eliminar o seu acesso ao site, sem causa ou aviso pr\u00e9vio, o que pode resultar na perda e destrui\u00e7\u00e3o de todas as informa\u00e7\u00f5es associadas a si. Todas as disposi\u00e7\u00f5es do presente Acordo que, pela sua natureza, dever\u00e3o permanecer p\u00f3s-cessa\u00e7\u00e3o, incluindo, sem limita\u00e7\u00e3o, disposi\u00e7\u00f5es de propriedade, isen\u00e7\u00f5es de garantia, indemniza\u00e7\u00f5es e limita\u00e7\u00f5es de responsabilidade.<\/p><p><strong>Limita\u00e7\u00f5es de Licenciamento<\/strong><\/p><p>O site \u00e9 propriedade da ISSHO Technology e \u00e9 protegido por direitos de autor. Embora a ISSHO Technology, Lda continue a ser propriet\u00e1ria do site, durante um per\u00edodo limitado, ter\u00e1 certos direitos de utiliza\u00e7\u00e3o do site ap\u00f3s a sua aceita\u00e7\u00e3o desta licen\u00e7a. Por agora, pode utilizar o site gratuitamente, mas a ISSHO Technology reserva-se o direito de cobrar o uso dos servi\u00e7os do site em qualquer altura. N\u00e3o est\u00e1 autorizado a sublicenciar o site ou o seu conte\u00fado sem a autoriza\u00e7\u00e3o por escrito da ISSHO Technology, Lda.<\/p><p><strong>Isen\u00e7\u00e3o de Responsabilidade de Garantia<\/strong><\/p><p>A ISSHO Technology n\u00e3o faz representa\u00e7\u00f5es ou garantias sobre a adequa\u00e7\u00e3o deste Software para qualquer finalidade. O site \u00e9 fornecido \"tal como est\u00e1\" sem garantias expressas ou impl\u00edcitas, incluindo garantias de comercializa\u00e7\u00e3o e adequa\u00e7\u00e3o a um determinado fim ou n\u00e3o infra\u00e7\u00e3o. A ISSHO Technology n\u00e3o ser\u00e1 respons\u00e1vel por qualquer teoria ou quaisquer danos sofridos pelo utilizador ou qualquer utilizador do site.<\/p><p><strong>Utiliza\u00e7\u00e3o da Marca<\/strong><\/p><p>A tecnologia ISSHO n\u00e3o permite ou licencia as suas marcas, log\u00f3tipos ou outra propriedade intelectual, em nenhuma circunst\u00e2ncia, sem autoriza\u00e7\u00e3o pr\u00e9via. S\u00f3 pode utilizar o log\u00f3tipo da ISSHO Technology para fins editoriais ou de promo\u00e7\u00e3o se n\u00e3o mudar as cores, escala, e propor\u00e7\u00f5es.<\/p><p><strong>Responsabilidade<\/strong><\/p><p>Em nenhum caso a ISSHO Technology ser\u00e1 respons\u00e1vel perante si por quaisquer perda de lucros, poupan\u00e7as ou incidentes, indiretos, especiais ou consequenciais, decorrentes da sua utiliza\u00e7\u00e3o ou incapacidade de utiliza\u00e7\u00e3o do site ou da viola\u00e7\u00e3o do presente acordo, mesmo que seja avisada da possibilidade de tais danos. Alguns territ\u00f3rios n\u00e3o permitem a limita\u00e7\u00e3o ou exclus\u00e3o de responsabilidade por danos incidentais ou consequenciais, pelo que a limita\u00e7\u00e3o ou exclus\u00e3o acima referida poder\u00e1 n\u00e3o se aplicar ao utilizador. Reservamo-nos o direito de descontinuar o produto em qualquer altura sem que nos seja imputada qualquer responsabilidade ou indemniza\u00e7\u00e3o.<\/p><p><strong>Links a Outros Sites<\/strong><\/p><p>O nosso site pode conter links para sites de terceiros que n\u00e3o s\u00e3o propriedade ou controlados pela ISSHO Technology. A ISSHO Technology n\u00e3o tem controlo e n\u00e3o assume qualquer responsabilidade pelo conte\u00fado, pol\u00edticas de privacidade, ou pr\u00e1ticas de quaisquer sites ou servi\u00e7os de terceiros. Aconselhamo-lo vivamente a ler os termos e condi\u00e7\u00f5es e a pol\u00edtica de privacidade de qualquer site de terceiros que visitar.<\/p><p><strong>Legisla\u00e7\u00e3o aplic\u00e1vel<\/strong><\/p><p>O presente Acordo (e quaisquer outras regras, pol\u00edticas ou diretrizes incorporadas por refer\u00eancia) ser\u00e1 regido e interpretado pelas legisla\u00e7\u00e3o portuguesa, sem recurso a quaisquer princ\u00edpios de conflitos de leis.<\/p><p><strong>Altera\u00e7\u00f5es a este Acordo<\/strong><\/p><p>Reservamo-nos o direito, a nosso exclusivo crit\u00e9rio, de modificar ou substituir estes Termos e Condi\u00e7\u00f5es atrav\u00e9s da publica\u00e7\u00e3o dos termos atualizados no site. A continua\u00e7\u00e3o da utiliza\u00e7\u00e3o do site ap\u00f3s tais altera\u00e7\u00f5es pressup\u00f5e a sua aceita\u00e7\u00e3o dos novos Termos e Condi\u00e7\u00f5es.<\/p><p>Favor rever este Acordo periodicamente para confirma\u00e7\u00e3o de altera\u00e7\u00f5es. Se n\u00e3o concordar com qualquer um dos termos deste Acordo ou quaisquer altera\u00e7\u00f5es \u00e0 vers\u00e3o atual, n\u00e3o dever\u00e1 utilizar ou continuar a aceder ao site, devendo cessar qualquer utiliza\u00e7\u00e3o imediatamente.<\/p><p><strong>Contacte-nos<\/strong><\/p><p>Se tiver alguma d\u00favida sobre este Acordo, por favor contacte-nos.<\/p><p>ISSHO Technology, Lda<br \/>Rua da Constitui\u00e7\u00e3o 352<br \/>Piso 1 Sala 73<br \/>4200-192 Porto<br \/>PORTUGAL<br \/>E:\u00a0<a href=\"mailto:support@issho.email\">support@issho.email<\/a><br \/>T: +351 928 500 496<\/p>\t\t\t\t\t\t\t\t<\/div>\n\t\t\t\t<\/div>\n\t\t\t\t\t<\/div>\n\t\t<\/div>\n\t\t\t\t\t<\/div>\n\t\t<\/section>\n\t\t\t\t<\/div>","protected":false},"excerpt":{"rendered":"<p>In case you are having a bad experience with ISSHO, please contact us at support@issho.email ISSHO Technology Terms of Use (\u201cAgreement\u201d) This Agreement was last modified on July 22nd, 2022. Please read these Terms and Conditions (\u201cAgreement\u201d, \u201cTerms and Conditions\u201d) carefully before using www.issho.website (\u201cthe Site\u201d) operated by ISSHO Technology (\u201cus\u201d, \u201cwe\u201d, or \u201cour\u201d). This [&hellip;]<\/p>\n","protected":false},"author":1,"featured_media":0,"parent":0,"menu_order":0,"comment_status":"closed","ping_status":"closed","template":"","meta":{"footnotes":""},"class_list":["post-4809","page","type-page","status-publish","hentry"],"yoast_head":"<!-- This site is optimized with the Yoast SEO plugin v26.9 - https:\/\/yoast.com\/product\/yoast-seo-wordpress\/ -->\n<title>ISSHO - Terms of Use<\/title>\n<meta name=\"description\" content=\"Please read carefully the terms of use defined by ISSHO to ensure you have the best online experience with our tools.\" \/>\n<meta name=\"robots\" content=\"index, follow, max-snippet:-1, max-image-preview:large, max-video-preview:-1\" \/>\n<link rel=\"canonical\" href=\"https:\/\/issho.website\/pt\/terms-of-use\/\" \/>\n<meta property=\"og:locale\" content=\"pt_PT\" \/>\n<meta property=\"og:type\" content=\"article\" \/>\n<meta property=\"og:title\" content=\"ISSHO - Terms of Use\" \/>\n<meta property=\"og:description\" content=\"Please read carefully the terms of use defined by ISSHO to ensure you have the best online experience with our tools.\" \/>\n<meta property=\"og:url\" content=\"https:\/\/issho.website\/pt\/terms-of-use\/\" \/>\n<meta property=\"og:site_name\" content=\"ISSHO\" \/>\n<meta property=\"article:publisher\" content=\"https:\/\/www.facebook.com\/isshotechnology\/\" \/>\n<meta property=\"article:modified_time\" content=\"2022-07-22T15:54:48+00:00\" \/>\n<meta name=\"twitter:card\" content=\"summary_large_image\" \/>\n<meta name=\"twitter:label1\" content=\"Tempo estimado de leitura\" \/>\n\t<meta name=\"twitter:data1\" content=\"4 minutos\" \/>\n<script type=\"application\/ld+json\" class=\"yoast-schema-graph\">{\"@context\":\"https:\/\/schema.org\",\"@graph\":[{\"@type\":\"WebPage\",\"@id\":\"https:\/\/issho.website\/terms-of-use\/\",\"url\":\"https:\/\/issho.website\/terms-of-use\/\",\"name\":\"ISSHO - Terms of Use\",\"isPartOf\":{\"@id\":\"https:\/\/issho.website\/#website\"},\"datePublished\":\"2022-07-22T11:20:39+00:00\",\"dateModified\":\"2022-07-22T15:54:48+00:00\",\"description\":\"Please read carefully the terms of use defined by ISSHO to ensure you have the best online experience with our tools.\",\"breadcrumb\":{\"@id\":\"https:\/\/issho.website\/terms-of-use\/#breadcrumb\"},\"inLanguage\":\"pt-PT\",\"potentialAction\":[{\"@type\":\"ReadAction\",\"target\":[\"https:\/\/issho.website\/terms-of-use\/\"]}]},{\"@type\":\"BreadcrumbList\",\"@id\":\"https:\/\/issho.website\/terms-of-use\/#breadcrumb\",\"itemListElement\":[{\"@type\":\"ListItem\",\"position\":1,\"name\":\"Home\",\"item\":\"https:\/\/issho.website\/\"},{\"@type\":\"ListItem\",\"position\":2,\"name\":\"Terms of Use\"}]},{\"@type\":\"WebSite\",\"@id\":\"https:\/\/issho.website\/#website\",\"url\":\"https:\/\/issho.website\/\",\"name\":\"ISSHO\",\"description\":\"Industrial 3D Configurator\",\"publisher\":{\"@id\":\"https:\/\/issho.website\/#organization\"},\"potentialAction\":[{\"@type\":\"SearchAction\",\"target\":{\"@type\":\"EntryPoint\",\"urlTemplate\":\"https:\/\/issho.website\/?s={search_term_string}\"},\"query-input\":{\"@type\":\"PropertyValueSpecification\",\"valueRequired\":true,\"valueName\":\"search_term_string\"}}],\"inLanguage\":\"pt-PT\"},{\"@type\":\"Organization\",\"@id\":\"https:\/\/issho.website\/#organization\",\"name\":\"Issho Technology Lda\",\"url\":\"https:\/\/issho.website\/\",\"logo\":{\"@type\":\"ImageObject\",\"inLanguage\":\"pt-PT\",\"@id\":\"https:\/\/issho.website\/#\/schema\/logo\/image\/\",\"url\":\"https:\/\/issho.website\/wp-content\/uploads\/2022\/07\/Issho-\u2013-Logo-Sem-Assinatura.png\",\"contentUrl\":\"https:\/\/issho.website\/wp-content\/uploads\/2022\/07\/Issho-\u2013-Logo-Sem-Assinatura.png\",\"width\":3889,\"height\":1667,\"caption\":\"Issho Technology Lda\"},\"image\":{\"@id\":\"https:\/\/issho.website\/#\/schema\/logo\/image\/\"},\"sameAs\":[\"https:\/\/www.facebook.com\/isshotechnology\/\",\"https:\/\/www.linkedin.com\/company\/isshotechnology\",\"https:\/\/www.youtube.com\/channel\/UCgQGwai4229phOQsaT1A3bQ\"]}]}<\/script>\n<!-- \/ Yoast SEO plugin. -->","yoast_head_json":{"title":"ISSHO - Terms of Use","description":"Please read carefully the terms of use defined by ISSHO to ensure you have the best online experience with our tools.","robots":{"index":"index","follow":"follow","max-snippet":"max-snippet:-1","max-image-preview":"max-image-preview:large","max-video-preview":"max-video-preview:-1"},"canonical":"https:\/\/issho.website\/pt\/terms-of-use\/","og_locale":"pt_PT","og_type":"article","og_title":"ISSHO - Terms of Use","og_description":"Please read carefully the terms of use defined by ISSHO to ensure you have the best online experience with our tools.","og_url":"https:\/\/issho.website\/pt\/terms-of-use\/","og_site_name":"ISSHO","article_publisher":"https:\/\/www.facebook.com\/isshotechnology\/","article_modified_time":"2022-07-22T15:54:48+00:00","twitter_card":"summary_large_image","twitter_misc":{"Tempo estimado de leitura":"4 minutos"},"schema":{"@context":"https:\/\/schema.org","@graph":[{"@type":"WebPage","@id":"https:\/\/issho.website\/terms-of-use\/","url":"https:\/\/issho.website\/terms-of-use\/","name":"ISSHO - Terms of Use","isPartOf":{"@id":"https:\/\/issho.website\/#website"},"datePublished":"2022-07-22T11:20:39+00:00","dateModified":"2022-07-22T15:54:48+00:00","description":"Please read carefully the terms of use defined by ISSHO to ensure you have the best online experience with our tools.","breadcrumb":{"@id":"https:\/\/issho.website\/terms-of-use\/#breadcrumb"},"inLanguage":"pt-PT","potentialAction":[{"@type":"ReadAction","target":["https:\/\/issho.website\/terms-of-use\/"]}]},{"@type":"BreadcrumbList","@id":"https:\/\/issho.website\/terms-of-use\/#breadcrumb","itemListElement":[{"@type":"ListItem","position":1,"name":"Home","item":"https:\/\/issho.website\/"},{"@type":"ListItem","position":2,"name":"Terms of Use"}]},{"@type":"WebSite","@id":"https:\/\/issho.website\/#website","url":"https:\/\/issho.website\/","name":"ISSHO","description":"Configurador 3D industrial","publisher":{"@id":"https:\/\/issho.website\/#organization"},"potentialAction":[{"@type":"SearchAction","target":{"@type":"EntryPoint","urlTemplate":"https:\/\/issho.website\/?s={search_term_string}"},"query-input":{"@type":"PropertyValueSpecification","valueRequired":true,"valueName":"search_term_string"}}],"inLanguage":"pt-PT"},{"@type":"Organization","@id":"https:\/\/issho.website\/#organization","name":"Issho Technology Lda","url":"https:\/\/issho.website\/","logo":{"@type":"ImageObject","inLanguage":"pt-PT","@id":"https:\/\/issho.website\/#\/schema\/logo\/image\/","url":"https:\/\/issho.website\/wp-content\/uploads\/2022\/07\/Issho-\u2013-Logo-Sem-Assinatura.png","contentUrl":"https:\/\/issho.website\/wp-content\/uploads\/2022\/07\/Issho-\u2013-Logo-Sem-Assinatura.png","width":3889,"height":1667,"caption":"Issho Technology Lda"},"image":{"@id":"https:\/\/issho.website\/#\/schema\/logo\/image\/"},"sameAs":["https:\/\/www.facebook.com\/isshotechnology\/","https:\/\/www.linkedin.com\/company\/isshotechnology","https:\/\/www.youtube.com\/channel\/UCgQGwai4229phOQsaT1A3bQ"]}]}},"_links":{"self":[{"href":"http:\/\/issho.website\/pt\/wp-json\/wp\/v2\/pages\/4809","targetHints":{"allow":["GET"]}}],"collection":[{"href":"http:\/\/issho.website\/pt\/wp-json\/wp\/v2\/pages"}],"about":[{"href":"http:\/\/issho.website\/pt\/wp-json\/wp\/v2\/types\/page"}],"author":[{"embeddable":true,"href":"http:\/\/issho.website\/pt\/wp-json\/wp\/v2\/users\/1"}],"replies":[{"embeddable":true,"href":"http:\/\/issho.website\/pt\/wp-json\/wp\/v2\/comments?post=4809"}],"version-history":[{"count":5,"href":"http:\/\/issho.website\/pt\/wp-json\/wp\/v2\/pages\/4809\/revisions"}],"predecessor-version":[{"id":4814,"href":"http:\/\/issho.website\/pt\/wp-json\/wp\/v2\/pages\/4809\/revisions\/4814"}],"wp:attachment":[{"href":"http:\/\/issho.website\/pt\/wp-json\/wp\/v2\/media?parent=4809"}],"curies":[{"name":"wp","href":"https:\/\/api.w.org\/{rel}","templated":true}]}}