{"id":5204,"date":"2022-10-28T07:40:46","date_gmt":"2022-10-28T07:40:46","guid":{"rendered":"https:\/\/issho.website\/?page_id=5204"},"modified":"2023-04-03T06:42:53","modified_gmt":"2023-04-03T06:42:53","slug":"setup-pricing","status":"publish","type":"page","link":"http:\/\/issho.website\/pt\/setup-pricing\/","title":{"rendered":"Instala\u00e7\u00e3o &amp; Pre\u00e7os"},"content":{"rendered":"<div data-elementor-type=\"wp-page\" data-elementor-id=\"5204\" class=\"elementor elementor-5204\">\n\t\t\t\t\t\t<section class=\"elementor-section elementor-top-section elementor-element elementor-element-347929f elementor-section-boxed elementor-section-height-default elementor-section-height-default\" data-id=\"347929f\" data-element_type=\"section\" data-e-type=\"section\">\n\t\t\t\t\t\t<div class=\"elementor-container elementor-column-gap-default\">\n\t\t\t\t\t<div class=\"elementor-column elementor-col-100 elementor-top-column elementor-element elementor-element-83afbd6\" data-id=\"83afbd6\" data-element_type=\"column\" data-e-type=\"column\">\n\t\t\t<div class=\"elementor-widget-wrap elementor-element-populated\">\n\t\t\t\t\t\t<div class=\"elementor-element elementor-element-3c46513 elementor-widget elementor-widget-text-editor\" data-id=\"3c46513\" data-element_type=\"widget\" data-e-type=\"widget\" data-widget_type=\"text-editor.default\">\n\t\t\t\t<div class=\"elementor-widget-container\">\n\t\t\t\t\t\t\t\t\t<div class=\"ewa-rteLine\">A nossa miss\u00e3o \u00e9 ajudar o seu neg\u00f3cio a crescer, dando-lhe as ferramentas certas para prosperar no mundo digital em que vivemos.<\/div><div class=\"ewa-rteLine\">\u00a0<\/div><div class=\"ewa-rteLine\">Desde a visualiza\u00e7\u00e3o de produtos em 3D ao envolvimento com clientes e a uma gest\u00e3o integrada dos seus processos de neg\u00f3cio, com a ISSHO obter\u00e1 tudo isto numa \u00fanica plataforma.<\/div><div class=\"ewa-rteLine\">\u00a0<\/div><div class=\"ewa-rteLine\"><strong>Interessado? Usufrua do nosso pacote especial de instala\u00e7\u00e3o e ative a solu\u00e7\u00e3o ISSHO no seu neg\u00f3cio!<\/strong><\/div><div class=\"ewa-rteLine\">Com este pacote de oferta, ser\u00e1 capaz de aumentar as suas vendas.<\/div><div class=\"ewa-rteLine\">Confirme abaixo e fale connosco j\u00e1.<\/div>\t\t\t\t\t\t\t\t<\/div>\n\t\t\t\t<\/div>\n\t\t\t\t\t<\/div>\n\t\t<\/div>\n\t\t\t\t\t<\/div>\n\t\t<\/section>\n\t\t\t\t<section class=\"elementor-section elementor-top-section elementor-element elementor-element-07af08d elementor-section-boxed elementor-section-height-default elementor-section-height-default\" data-id=\"07af08d\" data-element_type=\"section\" data-e-type=\"section\" data-settings=\"{&quot;background_background&quot;:&quot;gradient&quot;,&quot;animation&quot;:&quot;none&quot;}\">\n\t\t\t\t\t\t<div class=\"elementor-container elementor-column-gap-default\">\n\t\t\t\t\t<div class=\"elementor-column elementor-col-33 elementor-top-column elementor-element elementor-element-7933871 elementor-invisible\" data-id=\"7933871\" data-element_type=\"column\" data-e-type=\"column\" data-settings=\"{&quot;background_background&quot;:&quot;classic&quot;,&quot;animation&quot;:&quot;slideInUp&quot;}\">\n\t\t\t<div class=\"elementor-widget-wrap elementor-element-populated\">\n\t\t\t\t\t\t<div class=\"elementor-element elementor-element-e1414d3 elementor-widget elementor-widget-rt-pricing-table\" data-id=\"e1414d3\" data-element_type=\"widget\" data-e-type=\"widget\" data-widget_type=\"rt-pricing-table.default\">\n\t\t\t\t<div class=\"elementor-widget-container\">\n\t\t\t\t\t<div class=\"no-animation\">\r\n\t<div class=\"translate-bottom-75 opacity-animation transition-150 transition-delay-100\">\r\n\t\t<div class=\"default-pricing rtin-pricing-layout5 active-class offer-inactive\">\t\t\r\n\t\t\t<div class=\"rt-price-table-box\">\r\n\t\t\t\t<div class=\"price-header\">\r\n\t\t\t\t\t\t\t\t\t\t<h3 class=\"rtin-title\">Pacote de Arranque<\/h3>\r\n\t\t\t\t\t\t\t\t\t\t<span class=\"rtin-price\"><span class=\"price-symbol\">\u20ac<\/span>5.000<span class=\"price-unit\"><\/span><\/span>\r\n\t\t\t\t<\/div>\r\n\t\t\t\t<div class=\"pricing-main-body\">\r\n\t\t\t\t\t<ul class=\"rtin-features\">\r\n\t\t\t\t\t  \t\t\t\t\t\t<li>\r\n\t\t\t\t\t\t  \t\t\t\t\t\t  \t\t\t\t\t\t\t\t\t\t\t\t\t\t  <i style=\"color: \"  class=\"fas fa-check\"><\/i>\r\n\t\t\t\t\t\t\t\t\t\t\t\t\t  \t\t\t\t\t\t  <span class=\"rtin-features-text\">Parametriza\u00e7\u00e3o da plataforma<\/span>\r\n\t\t\t\t\t\t<\/li>\r\n\t\t\t\t\t  \t\t\t\t\t\t<li>\r\n\t\t\t\t\t\t  \t\t\t\t\t\t  \t\t\t\t\t\t\t\t\t\t\t\t\t\t  <i style=\"color: \"  class=\"fas fa-check\"><\/i>\r\n\t\t\t\t\t\t\t\t\t\t\t\t\t  \t\t\t\t\t\t  <span class=\"rtin-features-text\">Configurador de produto 3D<\/span>\r\n\t\t\t\t\t\t<\/li>\r\n\t\t\t\t\t  \t\t\t\t\t\t<li>\r\n\t\t\t\t\t\t  \t\t\t\t\t\t  \t\t\t\t\t\t\t\t\t\t\t\t\t\t  <i style=\"color: \"  class=\"fas fa-arrow-right\"><\/i>\r\n\t\t\t\t\t\t\t\t\t\t\t\t\t  \t\t\t\t\t\t  <span class=\"rtin-features-text\">Otimiza\u00e7\u00e3o de ficheiros 3D<\/span>\r\n\t\t\t\t\t\t<\/li>\r\n\t\t\t\t\t  \t\t\t\t\t\t<li>\r\n\t\t\t\t\t\t  \t\t\t\t\t\t  \t\t\t\t\t\t\t\t\t\t\t\t\t\t  <i style=\"color: \"  class=\"fas fa-arrow-right\"><\/i>\r\n\t\t\t\t\t\t\t\t\t\t\t\t\t  \t\t\t\t\t\t  <span class=\"rtin-features-text\">Defini\u00e7\u00e3o de op\u00e7\u00f5es (m\u00e1x. 15)<\/span>\r\n\t\t\t\t\t\t<\/li>\r\n\t\t\t\t\t  \t\t\t\t\t\t<li>\r\n\t\t\t\t\t\t  \t\t\t\t\t\t  \t\t\t\t\t\t\t\t\t\t\t\t\t\t  <i style=\"color: \"  class=\"fas fa-arrow-right\"><\/i>\r\n\t\t\t\t\t\t\t\t\t\t\t\t\t  \t\t\t\t\t\t  <span class=\"rtin-features-text\">Vari\u00e1veis relativas a materiais \/ acabamentos (1 op\u00e7\u00e3o com at\u00e9 10 materiais)<\/span>\r\n\t\t\t\t\t\t<\/li>\r\n\t\t\t\t\t  \t\t\t\t\t\t<li>\r\n\t\t\t\t\t\t  \t\t\t\t\t\t  \t\t\t\t\t\t\t\t\t\t\t\t\t\t  <i style=\"color: \"  class=\"fas fa-arrow-right\"><\/i>\r\n\t\t\t\t\t\t\t\t\t\t\t\t\t  \t\t\t\t\t\t  <span class=\"rtin-features-text\">Configura\u00e7\u00e3o inicial do ficheiro de dados (para gest\u00e3o das v\u00e1rias op\u00e7\u00f5es e c\u00f3digos comerciais)<\/span>\r\n\t\t\t\t\t\t<\/li>\r\n\t\t\t\t\t  \t\t\t\t\t\t<li>\r\n\t\t\t\t\t\t  \t\t\t\t\t\t  \t\t\t\t\t\t\t\t\t\t\t\t\t\t  <i style=\"color: \"  class=\"fas fa-arrow-right\"><\/i>\r\n\t\t\t\t\t\t\t\t\t\t\t\t\t  \t\t\t\t\t\t  <span class=\"rtin-features-text\">Importa\u00e7\u00e3o de lista de artigos e clientes<\/span>\r\n\t\t\t\t\t\t<\/li>\r\n\t\t\t\t\t  \t\t\t\t\t\t<li>\r\n\t\t\t\t\t\t  \t\t\t\t\t\t  \t\t\t\t\t\t\t\t\t\t\t\t\t\t  <i style=\"color: \"  class=\"fas fa-check\"><\/i>\r\n\t\t\t\t\t\t\t\t\t\t\t\t\t  \t\t\t\t\t\t  <span class=\"rtin-features-text\">Cria\u00e7\u00e3o de propostas com personaliza\u00e7\u00e3o b\u00e1sica (logo, morada, ...)<\/span>\r\n\t\t\t\t\t\t<\/li>\r\n\t\t\t\t\t  \t\t\t\t\t<\/ul>\r\n\t\t\t\t<\/div>\r\n\t\t\t\t<div class=\"pricing-footer\">\r\n\t\t\t\t\t\t\t\t\t<div class=\"rtin-price-button\"><a class=\"btn-ghost\" href=\"https:\/\/issho.website\/pt\/order-now\/\">Encomende j\u00e1<\/a><\/div>\t\t\r\n\t\t\t\t\t\t\t\t<\/div>\r\n\t\t\t<\/div>\t\t\t\r\n\t\t<\/div>\r\n\t<\/div>\r\n<\/div>\t\t\t\t<\/div>\n\t\t\t\t<\/div>\n\t\t\t\t\t<\/div>\n\t\t<\/div>\n\t\t\t\t<div class=\"elementor-column elementor-col-33 elementor-top-column elementor-element elementor-element-393792b elementor-invisible\" data-id=\"393792b\" data-element_type=\"column\" data-e-type=\"column\" data-settings=\"{&quot;animation&quot;:&quot;slideInUp&quot;,&quot;animation_delay&quot;:1000}\">\n\t\t\t<div class=\"elementor-widget-wrap elementor-element-populated\">\n\t\t\t\t\t\t<div class=\"elementor-element elementor-element-c587556 elementor-view-default elementor-widget elementor-widget-icon\" data-id=\"c587556\" data-element_type=\"widget\" data-e-type=\"widget\" data-widget_type=\"icon.default\">\n\t\t\t\t<div class=\"elementor-widget-container\">\n\t\t\t\t\t\t\t<div class=\"elementor-icon-wrapper\">\n\t\t\t<div class=\"elementor-icon\">\n\t\t\t<i aria-hidden=\"true\" class=\"fas fa-plus-circle\"><\/i>\t\t\t<\/div>\n\t\t<\/div>\n\t\t\t\t\t\t<\/div>\n\t\t\t\t<\/div>\n\t\t\t\t\t<\/div>\n\t\t<\/div>\n\t\t\t\t<div class=\"elementor-column elementor-col-33 elementor-top-column elementor-element elementor-element-843a083 elementor-invisible\" data-id=\"843a083\" data-element_type=\"column\" data-e-type=\"column\" data-settings=\"{&quot;animation&quot;:&quot;slideInUp&quot;,&quot;animation_delay&quot;:1500}\">\n\t\t\t<div class=\"elementor-widget-wrap elementor-element-populated\">\n\t\t\t\t\t\t<section class=\"elementor-section elementor-inner-section elementor-element elementor-element-a1c7f3b elementor-section-boxed elementor-section-height-default elementor-section-height-default\" data-id=\"a1c7f3b\" data-element_type=\"section\" data-e-type=\"section\">\n\t\t\t\t\t\t<div class=\"elementor-container elementor-column-gap-default\">\n\t\t\t\t\t<div class=\"elementor-column elementor-col-100 elementor-inner-column elementor-element elementor-element-842d23b\" data-id=\"842d23b\" data-element_type=\"column\" data-e-type=\"column\" data-settings=\"{&quot;background_background&quot;:&quot;classic&quot;}\">\n\t\t\t<div class=\"elementor-widget-wrap elementor-element-populated\">\n\t\t\t\t\t\t<div class=\"elementor-element elementor-element-55b0170 elementor-view-default elementor-widget elementor-widget-icon\" data-id=\"55b0170\" data-element_type=\"widget\" data-e-type=\"widget\" data-widget_type=\"icon.default\">\n\t\t\t\t<div class=\"elementor-widget-container\">\n\t\t\t\t\t\t\t<div class=\"elementor-icon-wrapper\">\n\t\t\t<div class=\"elementor-icon\">\n\t\t\t<i aria-hidden=\"true\" class=\"fas fa-house-user\"><\/i>\t\t\t<\/div>\n\t\t<\/div>\n\t\t\t\t\t\t<\/div>\n\t\t\t\t<\/div>\n\t\t\t\t<div class=\"elementor-element elementor-element-431b91c elementor-widget elementor-widget-text-editor\" data-id=\"431b91c\" data-element_type=\"widget\" data-e-type=\"widget\" data-widget_type=\"text-editor.default\">\n\t\t\t\t<div class=\"elementor-widget-container\">\n\t\t\t\t\t\t\t\t\t<div style=\"text-align: center; line-height: 1;\"><h3 style=\"line-height: 1; margin: 0; color: #fff;\">65\u20ac<\/h3><p><small style=\"color: #fff; line-height: 1;\">mensalmente<br \/>por utilizador<\/small><\/p><\/div>\t\t\t\t\t\t\t\t<\/div>\n\t\t\t\t<\/div>\n\t\t\t\t\t<\/div>\n\t\t<\/div>\n\t\t\t\t\t<\/div>\n\t\t<\/section>\n\t\t\t\t<div class=\"elementor-element elementor-element-6d96a3f elementor-widget elementor-widget-spacer\" data-id=\"6d96a3f\" data-element_type=\"widget\" data-e-type=\"widget\" data-widget_type=\"spacer.default\">\n\t\t\t\t<div class=\"elementor-widget-container\">\n\t\t\t\t\t\t\t<div class=\"elementor-spacer\">\n\t\t\t<div class=\"elementor-spacer-inner\"><\/div>\n\t\t<\/div>\n\t\t\t\t\t\t<\/div>\n\t\t\t\t<\/div>\n\t\t\t\t<section class=\"elementor-section elementor-inner-section elementor-element elementor-element-458679b elementor-section-boxed elementor-section-height-default elementor-section-height-default\" data-id=\"458679b\" data-element_type=\"section\" data-e-type=\"section\">\n\t\t\t\t\t\t<div class=\"elementor-container elementor-column-gap-default\">\n\t\t\t\t\t<div class=\"elementor-column elementor-col-100 elementor-inner-column elementor-element elementor-element-f5e2268\" data-id=\"f5e2268\" data-element_type=\"column\" data-e-type=\"column\" data-settings=\"{&quot;background_background&quot;:&quot;classic&quot;}\">\n\t\t\t<div class=\"elementor-widget-wrap elementor-element-populated\">\n\t\t\t\t\t\t<div class=\"elementor-element elementor-element-546f77c elementor-view-default elementor-widget elementor-widget-icon\" data-id=\"546f77c\" data-element_type=\"widget\" data-e-type=\"widget\" data-widget_type=\"icon.default\">\n\t\t\t\t<div class=\"elementor-widget-container\">\n\t\t\t\t\t\t\t<div class=\"elementor-icon-wrapper\">\n\t\t\t<div class=\"elementor-icon\">\n\t\t\t<i aria-hidden=\"true\" class=\"fas fa-user-circle\"><\/i>\t\t\t<\/div>\n\t\t<\/div>\n\t\t\t\t\t\t<\/div>\n\t\t\t\t<\/div>\n\t\t\t\t<div class=\"elementor-element elementor-element-85587c4 elementor-widget elementor-widget-text-editor\" data-id=\"85587c4\" data-element_type=\"widget\" data-e-type=\"widget\" data-widget_type=\"text-editor.default\">\n\t\t\t\t<div class=\"elementor-widget-container\">\n\t\t\t\t\t\t\t\t\t<div style=\"text-align: center; line-height: 1;\"><h3 style=\"line-height: 1; margin: 0; color: #fff;\">15\u20ac<\/h3><p><small style=\"color: #fff; line-height: 1;\">mensalmente<br \/>por cliente (com login)<\/small><\/p><\/div>\t\t\t\t\t\t\t\t<\/div>\n\t\t\t\t<\/div>\n\t\t\t\t\t<\/div>\n\t\t<\/div>\n\t\t\t\t\t<\/div>\n\t\t<\/section>\n\t\t\t\t\t<\/div>\n\t\t<\/div>\n\t\t\t\t\t<\/div>\n\t\t<\/section>\n\t\t\t\t<section class=\"elementor-section elementor-top-section elementor-element elementor-element-46f1741 elementor-section-boxed elementor-section-height-default elementor-section-height-default\" data-id=\"46f1741\" data-element_type=\"section\" data-e-type=\"section\">\n\t\t\t\t\t\t<div class=\"elementor-container elementor-column-gap-default\">\n\t\t\t\t\t<div class=\"elementor-column elementor-col-100 elementor-top-column elementor-element elementor-element-3792782\" data-id=\"3792782\" data-element_type=\"column\" data-e-type=\"column\">\n\t\t\t<div class=\"elementor-widget-wrap elementor-element-populated\">\n\t\t\t\t\t\t<div class=\"elementor-element elementor-element-cf0a276 elementor-widget elementor-widget-spacer\" data-id=\"cf0a276\" data-element_type=\"widget\" data-e-type=\"widget\" data-widget_type=\"spacer.default\">\n\t\t\t\t<div class=\"elementor-widget-container\">\n\t\t\t\t\t\t\t<div class=\"elementor-spacer\">\n\t\t\t<div class=\"elementor-spacer-inner\"><\/div>\n\t\t<\/div>\n\t\t\t\t\t\t<\/div>\n\t\t\t\t<\/div>\n\t\t\t\t\t<\/div>\n\t\t<\/div>\n\t\t\t\t\t<\/div>\n\t\t<\/section>\n\t\t\t\t<\/div>","protected":false},"excerpt":{"rendered":"<p>Our mission is to help your business grow by giving it the right tools to thrive in the digital world we live in.\u00a0From 3D product visualization and customer engagement to an integrated management of your processes, with ISSHO you will get this all in one platform.\u00a0Interested? Enjoy our setup package deal and get ISSHO running [&hellip;]<\/p>\n","protected":false},"author":1,"featured_media":0,"parent":0,"menu_order":0,"comment_status":"closed","ping_status":"closed","template":"","meta":{"footnotes":""},"class_list":["post-5204","page","type-page","status-publish","hentry"],"yoast_head":"<!-- This site is optimized with the Yoast SEO plugin v26.9 - https:\/\/yoast.com\/product\/yoast-seo-wordpress\/ -->\n<title>Setup &amp; Pricing - ISSHO<\/title>\n<meta name=\"robots\" content=\"index, follow, max-snippet:-1, max-image-preview:large, max-video-preview:-1\" \/>\n<link rel=\"canonical\" href=\"https:\/\/issho.website\/pt\/setup-pricing\/\" \/>\n<meta property=\"og:locale\" content=\"pt_PT\" \/>\n<meta property=\"og:type\" content=\"article\" \/>\n<meta property=\"og:title\" content=\"Setup &amp; Pricing - ISSHO\" \/>\n<meta property=\"og:description\" content=\"Our mission is to help your business grow by giving it the right tools to thrive in the digital world we live in.\u00a0From 3D product visualization and customer engagement to an integrated management of your processes, with ISSHO you will get this all in one platform.\u00a0Interested? Enjoy our setup package deal and get ISSHO running [&hellip;]\" \/>\n<meta property=\"og:url\" content=\"https:\/\/issho.website\/pt\/setup-pricing\/\" \/>\n<meta property=\"og:site_name\" content=\"ISSHO\" \/>\n<meta property=\"article:publisher\" content=\"https:\/\/www.facebook.com\/isshotechnology\/\" \/>\n<meta property=\"article:modified_time\" content=\"2023-04-03T06:42:53+00:00\" \/>\n<meta name=\"twitter:card\" content=\"summary_large_image\" \/>\n<meta name=\"twitter:label1\" content=\"Tempo estimado de leitura\" \/>\n\t<meta name=\"twitter:data1\" content=\"1 minuto\" \/>\n<script type=\"application\/ld+json\" class=\"yoast-schema-graph\">{\"@context\":\"https:\/\/schema.org\",\"@graph\":[{\"@type\":\"WebPage\",\"@id\":\"https:\/\/issho.website\/setup-pricing\/\",\"url\":\"https:\/\/issho.website\/setup-pricing\/\",\"name\":\"Setup & Pricing - ISSHO\",\"isPartOf\":{\"@id\":\"https:\/\/issho.website\/#website\"},\"datePublished\":\"2022-10-28T07:40:46+00:00\",\"dateModified\":\"2023-04-03T06:42:53+00:00\",\"breadcrumb\":{\"@id\":\"https:\/\/issho.website\/setup-pricing\/#breadcrumb\"},\"inLanguage\":\"pt-PT\",\"potentialAction\":[{\"@type\":\"ReadAction\",\"target\":[\"https:\/\/issho.website\/setup-pricing\/\"]}]},{\"@type\":\"BreadcrumbList\",\"@id\":\"https:\/\/issho.website\/setup-pricing\/#breadcrumb\",\"itemListElement\":[{\"@type\":\"ListItem\",\"position\":1,\"name\":\"Home\",\"item\":\"https:\/\/issho.website\/\"},{\"@type\":\"ListItem\",\"position\":2,\"name\":\"Setup &#038; Pricing\"}]},{\"@type\":\"WebSite\",\"@id\":\"https:\/\/issho.website\/#website\",\"url\":\"https:\/\/issho.website\/\",\"name\":\"ISSHO\",\"description\":\"Industrial 3D Configurator\",\"publisher\":{\"@id\":\"https:\/\/issho.website\/#organization\"},\"potentialAction\":[{\"@type\":\"SearchAction\",\"target\":{\"@type\":\"EntryPoint\",\"urlTemplate\":\"https:\/\/issho.website\/?s={search_term_string}\"},\"query-input\":{\"@type\":\"PropertyValueSpecification\",\"valueRequired\":true,\"valueName\":\"search_term_string\"}}],\"inLanguage\":\"pt-PT\"},{\"@type\":\"Organization\",\"@id\":\"https:\/\/issho.website\/#organization\",\"name\":\"Issho Technology Lda\",\"url\":\"https:\/\/issho.website\/\",\"logo\":{\"@type\":\"ImageObject\",\"inLanguage\":\"pt-PT\",\"@id\":\"https:\/\/issho.website\/#\/schema\/logo\/image\/\",\"url\":\"https:\/\/issho.website\/wp-content\/uploads\/2022\/07\/Issho-\u2013-Logo-Sem-Assinatura.png\",\"contentUrl\":\"https:\/\/issho.website\/wp-content\/uploads\/2022\/07\/Issho-\u2013-Logo-Sem-Assinatura.png\",\"width\":3889,\"height\":1667,\"caption\":\"Issho Technology Lda\"},\"image\":{\"@id\":\"https:\/\/issho.website\/#\/schema\/logo\/image\/\"},\"sameAs\":[\"https:\/\/www.facebook.com\/isshotechnology\/\",\"https:\/\/www.linkedin.com\/company\/isshotechnology\",\"https:\/\/www.youtube.com\/channel\/UCgQGwai4229phOQsaT1A3bQ\"]}]}<\/script>\n<!-- \/ Yoast SEO plugin. -->","yoast_head_json":{"title":"Instala\u00e7\u00e3o &amp; Pre\u00e7os - ISSHO","robots":{"index":"index","follow":"follow","max-snippet":"max-snippet:-1","max-image-preview":"max-image-preview:large","max-video-preview":"max-video-preview:-1"},"canonical":"https:\/\/issho.website\/pt\/setup-pricing\/","og_locale":"pt_PT","og_type":"article","og_title":"Setup & Pricing - ISSHO","og_description":"Our mission is to help your business grow by giving it the right tools to thrive in the digital world we live in.\u00a0From 3D product visualization and customer engagement to an integrated management of your processes, with ISSHO you will get this all in one platform.\u00a0Interested? Enjoy our setup package deal and get ISSHO running [&hellip;]","og_url":"https:\/\/issho.website\/pt\/setup-pricing\/","og_site_name":"ISSHO","article_publisher":"https:\/\/www.facebook.com\/isshotechnology\/","article_modified_time":"2023-04-03T06:42:53+00:00","twitter_card":"summary_large_image","twitter_misc":{"Tempo estimado de leitura":"1 minuto"},"schema":{"@context":"https:\/\/schema.org","@graph":[{"@type":"WebPage","@id":"https:\/\/issho.website\/setup-pricing\/","url":"https:\/\/issho.website\/setup-pricing\/","name":"Instala\u00e7\u00e3o &amp; Pre\u00e7os - ISSHO","isPartOf":{"@id":"https:\/\/issho.website\/#website"},"datePublished":"2022-10-28T07:40:46+00:00","dateModified":"2023-04-03T06:42:53+00:00","breadcrumb":{"@id":"https:\/\/issho.website\/setup-pricing\/#breadcrumb"},"inLanguage":"pt-PT","potentialAction":[{"@type":"ReadAction","target":["https:\/\/issho.website\/setup-pricing\/"]}]},{"@type":"BreadcrumbList","@id":"https:\/\/issho.website\/setup-pricing\/#breadcrumb","itemListElement":[{"@type":"ListItem","position":1,"name":"Home","item":"https:\/\/issho.website\/"},{"@type":"ListItem","position":2,"name":"Setup &#038; Pricing"}]},{"@type":"WebSite","@id":"https:\/\/issho.website\/#website","url":"https:\/\/issho.website\/","name":"ISSHO","description":"Configurador 3D industrial","publisher":{"@id":"https:\/\/issho.website\/#organization"},"potentialAction":[{"@type":"SearchAction","target":{"@type":"EntryPoint","urlTemplate":"https:\/\/issho.website\/?s={search_term_string}"},"query-input":{"@type":"PropertyValueSpecification","valueRequired":true,"valueName":"search_term_string"}}],"inLanguage":"pt-PT"},{"@type":"Organization","@id":"https:\/\/issho.website\/#organization","name":"Issho Technology Lda","url":"https:\/\/issho.website\/","logo":{"@type":"ImageObject","inLanguage":"pt-PT","@id":"https:\/\/issho.website\/#\/schema\/logo\/image\/","url":"https:\/\/issho.website\/wp-content\/uploads\/2022\/07\/Issho-\u2013-Logo-Sem-Assinatura.png","contentUrl":"https:\/\/issho.website\/wp-content\/uploads\/2022\/07\/Issho-\u2013-Logo-Sem-Assinatura.png","width":3889,"height":1667,"caption":"Issho Technology Lda"},"image":{"@id":"https:\/\/issho.website\/#\/schema\/logo\/image\/"},"sameAs":["https:\/\/www.facebook.com\/isshotechnology\/","https:\/\/www.linkedin.com\/company\/isshotechnology","https:\/\/www.youtube.com\/channel\/UCgQGwai4229phOQsaT1A3bQ"]}]}},"_links":{"self":[{"href":"http:\/\/issho.website\/pt\/wp-json\/wp\/v2\/pages\/5204","targetHints":{"allow":["GET"]}}],"collection":[{"href":"http:\/\/issho.website\/pt\/wp-json\/wp\/v2\/pages"}],"about":[{"href":"http:\/\/issho.website\/pt\/wp-json\/wp\/v2\/types\/page"}],"author":[{"embeddable":true,"href":"http:\/\/issho.website\/pt\/wp-json\/wp\/v2\/users\/1"}],"replies":[{"embeddable":true,"href":"http:\/\/issho.website\/pt\/wp-json\/wp\/v2\/comments?post=5204"}],"version-history":[{"count":114,"href":"http:\/\/issho.website\/pt\/wp-json\/wp\/v2\/pages\/5204\/revisions"}],"predecessor-version":[{"id":5385,"href":"http:\/\/issho.website\/pt\/wp-json\/wp\/v2\/pages\/5204\/revisions\/5385"}],"wp:attachment":[{"href":"http:\/\/issho.website\/pt\/wp-json\/wp\/v2\/media?parent=5204"}],"curies":[{"name":"wp","href":"https:\/\/api.w.org\/{rel}","templated":true}]}}