{"id":5408,"date":"2023-11-30T15:42:11","date_gmt":"2023-11-30T15:42:11","guid":{"rendered":"https:\/\/issho.website\/?page_id=5408"},"modified":"2025-03-17T16:08:46","modified_gmt":"2025-03-17T16:08:46","slug":"functional-analyst","status":"publish","type":"page","link":"http:\/\/issho.website\/pt\/functional-analyst\/","title":{"rendered":"Functional Analyst"},"content":{"rendered":"<div data-elementor-type=\"wp-page\" data-elementor-id=\"5408\" class=\"elementor elementor-5408\">\n\t\t\t\t\t\t<section class=\"elementor-section elementor-top-section elementor-element elementor-element-2617dada elementor-section-boxed elementor-section-height-default elementor-section-height-default\" data-id=\"2617dada\" data-element_type=\"section\" data-e-type=\"section\">\n\t\t\t\t\t\t<div class=\"elementor-container elementor-column-gap-default\">\n\t\t\t\t\t<div class=\"elementor-column elementor-col-100 elementor-top-column elementor-element elementor-element-18cb4e72\" data-id=\"18cb4e72\" data-element_type=\"column\" data-e-type=\"column\">\n\t\t\t<div class=\"elementor-widget-wrap elementor-element-populated\">\n\t\t\t\t\t\t<div class=\"elementor-element elementor-element-4828d66f elementor-widget elementor-widget-text-editor\" data-id=\"4828d66f\" data-element_type=\"widget\" data-e-type=\"widget\" data-widget_type=\"text-editor.default\">\n\t\t\t\t<div class=\"elementor-widget-container\">\n\t\t\t\t\t\t\t\t\t<p><\/p><p><strong>MISS\u00c3O<\/strong><\/p><ul><li>Divulgar a ISSHO junto de parceiros e clientes, sabendo interpretar como o produto pode impactar o neg\u00f3cio do cliente;\u00a0<\/li><li>Conhecer as funcionalidades do produto e propor a sua evolu\u00e7\u00e3o funcional, gerindo as major versions;<\/li><li>Desenvolver e manter os materiais de divulga\u00e7\u00e3o;<\/li><li>Gerir as comunica\u00e7\u00f5es nas redes sociais;<\/li><li>Ser a primeira linha na intera\u00e7\u00e3o com os clientes quando estes colocam incidentes ou fazem sugest\u00f5es de melhoria;<\/li><li>Suportar funcionalmente os parceiros;<\/li><li>Desenvolver e manter o conte\u00fado dos manuais de utiliza\u00e7\u00e3o;<\/li><li>Realizar a\u00e7\u00f5es de forma\u00e7\u00e3o junto dos parceiros, incluindo o desenvolvimento dos materiais necess\u00e1rios e os testes de certifica\u00e7\u00e3o;<\/li><li>Realizar testes funcionais ao produto, sendo respons\u00e1vel pelos UATs.<\/li><\/ul><p><strong>\u00a0<\/strong><\/p><p><strong>TENS O QUE \u00c9 PRECISO?<\/strong><\/p><ul><li>Forma\u00e7\u00e3o acad\u00e9mica em \u00e1rea relevante para a fun\u00e7\u00e3o<\/li><li>5 anos de experi\u00eancia em fun\u00e7\u00f5es similares<\/li><li>Forma\u00e7\u00e3o comercial (preferencial)<\/li><li>Disponibilidade para regime de trabalho h\u00edbrido<\/li><\/ul><div><strong>\u00a0<\/strong><\/div><div><strong>TRABALHAR NESTA EQUIPA:<\/strong><\/div><p><\/p><ul class=\"wp-block-list\"><li>A equipa \u00e9 jovem e tem potencial de crescimento;<\/li><li>O regime \u00e9 h\u00edbrido (presencial vs remoto);<\/li><li>A remunera\u00e7\u00e3o \u00e9 compat\u00edvel com a experi\u00eancia e tens potencial de evolu\u00e7\u00e3o;<\/li><li>O ambiente \u00e9 mentalmente desafiante, com muitas oportunidades de aprendizagem em projetos inovadores.<\/li><\/ul><p><\/p><p><\/p>\t\t\t\t\t\t\t\t<\/div>\n\t\t\t\t<\/div>\n\t\t\t\t\t<\/div>\n\t\t<\/div>\n\t\t\t\t\t<\/div>\n\t\t<\/section>\n\t\t\t\t<section class=\"elementor-section elementor-top-section elementor-element elementor-element-3e12b7ab elementor-section-stretched elementor-section-content-bottom elementor-section-boxed elementor-section-height-default elementor-section-height-default\" data-id=\"3e12b7ab\" data-element_type=\"section\" data-e-type=\"section\" data-settings=\"{&quot;stretch_section&quot;:&quot;section-stretched&quot;,&quot;background_background&quot;:&quot;classic&quot;}\">\n\t\t\t\t\t\t<div class=\"elementor-container elementor-column-gap-default\">\n\t\t\t\t\t<div class=\"elementor-column elementor-col-100 elementor-top-column elementor-element elementor-element-624cc35e\" data-id=\"624cc35e\" data-element_type=\"column\" data-e-type=\"column\">\n\t\t\t<div class=\"elementor-widget-wrap elementor-element-populated\">\n\t\t\t\t\t\t<section class=\"elementor-section elementor-inner-section elementor-element elementor-element-1316344a elementor-section-boxed elementor-section-height-default elementor-section-height-default\" data-id=\"1316344a\" data-element_type=\"section\" data-e-type=\"section\">\n\t\t\t\t\t\t<div class=\"elementor-container elementor-column-gap-default\">\n\t\t\t\t\t<div class=\"elementor-column elementor-col-50 elementor-inner-column elementor-element elementor-element-776691a2\" data-id=\"776691a2\" data-element_type=\"column\" data-e-type=\"column\">\n\t\t\t<div class=\"elementor-widget-wrap elementor-element-populated\">\n\t\t\t\t\t\t<div class=\"elementor-element elementor-element-40b1d745 elementor-widget elementor-widget-rt-text-with-button\" data-id=\"40b1d745\" data-element_type=\"widget\" data-e-type=\"widget\" data-widget_type=\"rt-text-with-button.default\">\n\t\t\t\t<div class=\"elementor-widget-container\">\n\t\t\t\t\t<div class=\"no-animation\">\n\t<div class=\"section-title-holder no-animation\">\n\t\t<div class=\"title-text-button title-text-style1\">\t\t\n\t\t\t\t\t\t\t\t\t<div class=\"translate-bottom-75 opacity-animation transition-150 transition-delay-500\">\n\t\t\t\t<h2 class=\"rtin-title\">CANDIDATA-TE AQUI<\/h2>\n\t\t\t<\/div>\n\t\t\t\t\t\t\t\t\t<div class=\"translate-bottom-75 opacity-animation transition-150 transition-delay-1000\">\n\t\t\t\t<div class=\"rtin-content no-shape\"><span class=\"shape-line\"><\/span><p>Juntos, vamos fazer o seu neg\u00f3cio evoluir. Contacte-nos para mais informa\u00e7\u00f5es.<\/p><\/div>\n\t\t\t<\/div>\n\t\t\t\t\t\n\t\t\t\t\t<\/div>\n\t<\/div>\n<\/div>\t\t\t\t<\/div>\n\t\t\t\t<\/div>\n\t\t\t\t<div class=\"elementor-element elementor-element-5ad7b43a elementor-widget elementor-widget-shortcode\" data-id=\"5ad7b43a\" data-element_type=\"widget\" data-e-type=\"widget\" data-widget_type=\"shortcode.default\">\n\t\t\t\t<div class=\"elementor-widget-container\">\n\t\t\t\t\t\t\t<div class=\"elementor-shortcode\">\n<div class=\"wpcf7 no-js\" id=\"wpcf7-f4694-o1\" lang=\"en-US\" dir=\"ltr\" data-wpcf7-id=\"4694\">\n<div class=\"screen-reader-response\"><p role=\"status\" aria-live=\"polite\" aria-atomic=\"true\"><\/p> <ul><\/ul><\/div>\n<form action=\"\/pt\/wp-json\/wp\/v2\/pages\/5408#wpcf7-f4694-o1\" method=\"post\" class=\"wpcf7-form init\" aria-label=\"Contact form\" enctype=\"multipart\/form-data\" novalidate=\"novalidate\" data-status=\"init\" data-trp-original-action=\"\/pt\/wp-json\/wp\/v2\/pages\/5408#wpcf7-f4694-o1\">\n<fieldset class=\"hidden-fields-container\"><input type=\"hidden\" name=\"_wpcf7\" value=\"4694\" \/><input type=\"hidden\" name=\"_wpcf7_version\" value=\"6.1.5\" \/><input type=\"hidden\" name=\"_wpcf7_locale\" value=\"en_US\" \/><input type=\"hidden\" name=\"_wpcf7_unit_tag\" value=\"wpcf7-f4694-o1\" \/><input type=\"hidden\" name=\"_wpcf7_container_post\" value=\"0\" \/><input type=\"hidden\" name=\"_wpcf7_posted_data_hash\" value=\"\" \/><input type=\"hidden\" name=\"_wpcf7_recaptcha_response\" value=\"\" \/>\n<\/fieldset>\n<div class=\"help-form\">\n\t<div class=\"row gutters-10\">\n\t\t<div class=\"col-sm-6\">\n\t\t\t<div class=\"form-group\">\n\t\t\t\t<p><span class=\"wpcf7-form-control-wrap\" data-name=\"your-name\"><input size=\"40\" maxlength=\"400\" class=\"wpcf7-form-control wpcf7-text wpcf7-validates-as-required form-control\" aria-required=\"true\" aria-invalid=\"false\" placeholder=\"Nome*\" value=\"\" type=\"text\" name=\"your-name\" \/><\/span>\n\t\t\t\t<\/p>\n\t\t\t<\/div>\n\t\t<\/div>\n\t\t<div class=\"col-sm-6\">\n\t\t\t<div class=\"form-group\">\n\t\t\t\t<p><span class=\"wpcf7-form-control-wrap\" data-name=\"your-email\"><input size=\"40\" maxlength=\"400\" class=\"wpcf7-form-control wpcf7-email wpcf7-validates-as-required wpcf7-text wpcf7-validates-as-email form-control\" aria-required=\"true\" aria-invalid=\"false\" placeholder=\"E-mail*\" value=\"\" type=\"email\" name=\"your-email\" \/><\/span>\n\t\t\t\t<\/p>\n\t\t\t<\/div>\n\t\t<\/div>\n\t\t<div class=\"col-sm-12\">\n\t\t\t<div class=\"form-group\">\n\t\t\t\t<p><span class=\"wpcf7-form-control-wrap\" data-name=\"your-phone\"><input size=\"40\" maxlength=\"400\" class=\"wpcf7-form-control wpcf7-tel wpcf7-validates-as-required wpcf7-text wpcf7-validates-as-tel form-control\" aria-required=\"true\" aria-invalid=\"false\" placeholder=\"Telefone*\" value=\"\" type=\"tel\" name=\"your-phone\" \/><\/span>\n\t\t\t\t<\/p>\n\t\t\t<\/div>\n\t\t<\/div>\n\t\t<div class=\"col-sm-12\">\n\t\t\t<div class=\"form-group\">\n\t\t\t\t<p><span class=\"wpcf7-form-control-wrap\" data-name=\"job-offer\"><select class=\"wpcf7-form-control wpcf7-select wpcf7-validates-as-required\" aria-required=\"true\" aria-invalid=\"false\" name=\"job-offer\"><option value=\"\">&#8212;Please choose an option&#8212;<\/option><option value=\"Senior Software Developer\">Senior Software Developer<\/option><option value=\"Spontaneous Application\">Spontaneous Application<\/option><\/select><\/span>\n\t\t\t\t<\/p>\n\t\t\t<\/div>\n\t\t<\/div>\n\t\t<div class=\"col-sm-12\">\n\t\t\t<div class=\"form-group\">\n\t\t\t\t<div class=\"custom-file\">\n\t\t\t\t\t<p><span class=\"wpcf7-form-control-wrap\" data-name=\"cv\"><input size=\"40\" class=\"wpcf7-form-control wpcf7-file wpcf7-validates-as-required custom-file-input\" accept=\".pdf,.jpg,.doc,.docx\" aria-required=\"true\" aria-invalid=\"false\" type=\"file\" name=\"cv\" \/><\/span><label class=\"custom-file-label\" for=\"customFile\">Choose file<\/label>\n\t\t\t\t\t<\/p>\n\t\t\t\t<\/div>\n\t\t\t<\/div>\n\t\t<\/div>\n\t\t<div class=\"col-sm-12\">\n\t\t\t<p><span class=\"wpcf7-form-control-wrap\" data-name=\"acceptance-288\"><span class=\"wpcf7-form-control wpcf7-acceptance\"><span class=\"wpcf7-list-item\"><label><input type=\"checkbox\" name=\"acceptance-288\" value=\"1\" aria-invalid=\"false\" \/><span class=\"wpcf7-list-item-label\">Li e aceito a pol\u00edtica de privacidade da ISSHO Technology.*<\/span><\/label><\/span><\/span><\/span>\n\t\t\t<\/p>\n\t\t\t<div class=\"form-group text-left\">\n\t\t\t\t<p><button type=\"submit\" class=\"wpcf7-submit button-gradient-1\">Submeter<\/button>\n\t\t\t\t<\/p>\n\t\t\t<\/div>\n\t\t<\/div>\n\t\t<div class=\"col-sm-12\">\n\t\t<div class=\"wpcf7-response-output\" aria-hidden=\"true\"><\/div>\n\t\t<\/div>\n\t<\/div>\n<\/div>\n<input type=\"hidden\" name=\"trp-form-language\" value=\"pt\"\/><\/form>\n<\/div>\n<\/div>\n\t\t\t\t\t\t<\/div>\n\t\t\t\t<\/div>\n\t\t\t\t\t<\/div>\n\t\t<\/div>\n\t\t\t\t<div class=\"elementor-column elementor-col-50 elementor-inner-column elementor-element elementor-element-30c9f833\" data-id=\"30c9f833\" data-element_type=\"column\" data-e-type=\"column\">\n\t\t\t<div class=\"elementor-widget-wrap elementor-element-populated\">\n\t\t\t\t\t\t<div class=\"elementor-element elementor-element-59fa437e elementor-widget elementor-widget-image\" data-id=\"59fa437e\" data-element_type=\"widget\" data-e-type=\"widget\" data-widget_type=\"image.default\">\n\t\t\t\t<div class=\"elementor-widget-container\">\n\t\t\t\t\t\t\t\t\t\t\t\t\t\t\t<img fetchpriority=\"high\" decoding=\"async\" width=\"2048\" height=\"2048\" src=\"https:\/\/issho.website\/wp-content\/uploads\/2022\/07\/contact_us.png\" class=\"attachment-full size-full wp-image-4647\" alt=\"Contact ISSHO\" srcset=\"https:\/\/issho.website\/wp-content\/uploads\/2022\/07\/contact_us.png 2048w, https:\/\/issho.website\/wp-content\/uploads\/2022\/07\/contact_us-300x300.png 300w, https:\/\/issho.website\/wp-content\/uploads\/2022\/07\/contact_us-1024x1024.png 1024w, https:\/\/issho.website\/wp-content\/uploads\/2022\/07\/contact_us-150x150.png 150w, https:\/\/issho.website\/wp-content\/uploads\/2022\/07\/contact_us-768x768.png 768w, https:\/\/issho.website\/wp-content\/uploads\/2022\/07\/contact_us-1536x1536.png 1536w, https:\/\/issho.website\/wp-content\/uploads\/2022\/07\/contact_us-12x12.png 12w\" sizes=\"(max-width: 2048px) 100vw, 2048px\" \/>\t\t\t\t\t\t\t\t\t\t\t\t\t\t\t<\/div>\n\t\t\t\t<\/div>\n\t\t\t\t\t<\/div>\n\t\t<\/div>\n\t\t\t\t\t<\/div>\n\t\t<\/section>\n\t\t\t\t\t<\/div>\n\t\t<\/div>\n\t\t\t\t\t<\/div>\n\t\t<\/section>\n\t\t\t\t<\/div>","protected":false},"excerpt":{"rendered":"<p>MISSION Spreading the word about ISSHO to partners and clients, knowing how to interpret the product&#8217;s impact on the client&#8217;s business;\u00a0 Knowing the product&#8217;s functionalities and proposing its functional evolution, managing major versions; Developing and maintaining promotional materials; Managing social media communications; Being the first line of interaction with customers when they raise incidents or [&hellip;]<\/p>\n","protected":false},"author":1,"featured_media":0,"parent":0,"menu_order":0,"comment_status":"closed","ping_status":"closed","template":"","meta":{"footnotes":""},"class_list":["post-5408","page","type-page","status-publish","hentry"],"yoast_head":"<!-- This site is optimized with the Yoast SEO plugin v26.9 - https:\/\/yoast.com\/product\/yoast-seo-wordpress\/ -->\n<title>Functional Analyst - ISSHO<\/title>\n<meta name=\"robots\" content=\"index, follow, max-snippet:-1, max-image-preview:large, max-video-preview:-1\" \/>\n<link rel=\"canonical\" href=\"https:\/\/issho.website\/pt\/functional-analyst\/\" \/>\n<meta property=\"og:locale\" content=\"pt_PT\" \/>\n<meta property=\"og:type\" content=\"article\" \/>\n<meta property=\"og:title\" content=\"Functional Analyst - ISSHO\" \/>\n<meta property=\"og:description\" content=\"MISSION Spreading the word about ISSHO to partners and clients, knowing how to interpret the product&#8217;s impact on the client&#8217;s business;\u00a0 Knowing the product&#8217;s functionalities and proposing its functional evolution, managing major versions; Developing and maintaining promotional materials; Managing social media communications; Being the first line of interaction with customers when they raise incidents or [&hellip;]\" \/>\n<meta property=\"og:url\" content=\"https:\/\/issho.website\/pt\/functional-analyst\/\" \/>\n<meta property=\"og:site_name\" content=\"ISSHO\" \/>\n<meta property=\"article:publisher\" content=\"https:\/\/www.facebook.com\/isshotechnology\/\" \/>\n<meta property=\"article:modified_time\" content=\"2025-03-17T16:08:46+00:00\" \/>\n<meta property=\"og:image\" content=\"https:\/\/issho.website\/wp-content\/uploads\/2022\/07\/contact_us.png\" \/>\n<meta name=\"twitter:card\" content=\"summary_large_image\" \/>\n<meta name=\"twitter:label1\" content=\"Tempo estimado de leitura\" \/>\n\t<meta name=\"twitter:data1\" content=\"2 minutos\" \/>\n<script type=\"application\/ld+json\" class=\"yoast-schema-graph\">{\"@context\":\"https:\/\/schema.org\",\"@graph\":[{\"@type\":\"WebPage\",\"@id\":\"https:\/\/issho.website\/functional-analyst\/\",\"url\":\"https:\/\/issho.website\/functional-analyst\/\",\"name\":\"Functional Analyst - ISSHO\",\"isPartOf\":{\"@id\":\"https:\/\/issho.website\/#website\"},\"primaryImageOfPage\":{\"@id\":\"https:\/\/issho.website\/functional-analyst\/#primaryimage\"},\"image\":{\"@id\":\"https:\/\/issho.website\/functional-analyst\/#primaryimage\"},\"thumbnailUrl\":\"https:\/\/issho.website\/wp-content\/uploads\/2022\/07\/contact_us.png\",\"datePublished\":\"2023-11-30T15:42:11+00:00\",\"dateModified\":\"2025-03-17T16:08:46+00:00\",\"breadcrumb\":{\"@id\":\"https:\/\/issho.website\/functional-analyst\/#breadcrumb\"},\"inLanguage\":\"pt-PT\",\"potentialAction\":[{\"@type\":\"ReadAction\",\"target\":[\"https:\/\/issho.website\/functional-analyst\/\"]}]},{\"@type\":\"ImageObject\",\"inLanguage\":\"pt-PT\",\"@id\":\"https:\/\/issho.website\/functional-analyst\/#primaryimage\",\"url\":\"https:\/\/issho.website\/wp-content\/uploads\/2022\/07\/contact_us.png\",\"contentUrl\":\"https:\/\/issho.website\/wp-content\/uploads\/2022\/07\/contact_us.png\"},{\"@type\":\"BreadcrumbList\",\"@id\":\"https:\/\/issho.website\/functional-analyst\/#breadcrumb\",\"itemListElement\":[{\"@type\":\"ListItem\",\"position\":1,\"name\":\"Home\",\"item\":\"https:\/\/issho.website\/\"},{\"@type\":\"ListItem\",\"position\":2,\"name\":\"Functional Analyst\"}]},{\"@type\":\"WebSite\",\"@id\":\"https:\/\/issho.website\/#website\",\"url\":\"https:\/\/issho.website\/\",\"name\":\"ISSHO\",\"description\":\"Industrial 3D Configurator\",\"publisher\":{\"@id\":\"https:\/\/issho.website\/#organization\"},\"potentialAction\":[{\"@type\":\"SearchAction\",\"target\":{\"@type\":\"EntryPoint\",\"urlTemplate\":\"https:\/\/issho.website\/?s={search_term_string}\"},\"query-input\":{\"@type\":\"PropertyValueSpecification\",\"valueRequired\":true,\"valueName\":\"search_term_string\"}}],\"inLanguage\":\"pt-PT\"},{\"@type\":\"Organization\",\"@id\":\"https:\/\/issho.website\/#organization\",\"name\":\"Issho Technology Lda\",\"url\":\"https:\/\/issho.website\/\",\"logo\":{\"@type\":\"ImageObject\",\"inLanguage\":\"pt-PT\",\"@id\":\"https:\/\/issho.website\/#\/schema\/logo\/image\/\",\"url\":\"https:\/\/issho.website\/wp-content\/uploads\/2022\/07\/Issho-\u2013-Logo-Sem-Assinatura.png\",\"contentUrl\":\"https:\/\/issho.website\/wp-content\/uploads\/2022\/07\/Issho-\u2013-Logo-Sem-Assinatura.png\",\"width\":3889,\"height\":1667,\"caption\":\"Issho Technology Lda\"},\"image\":{\"@id\":\"https:\/\/issho.website\/#\/schema\/logo\/image\/\"},\"sameAs\":[\"https:\/\/www.facebook.com\/isshotechnology\/\",\"https:\/\/www.linkedin.com\/company\/isshotechnology\",\"https:\/\/www.youtube.com\/channel\/UCgQGwai4229phOQsaT1A3bQ\"]}]}<\/script>\n<!-- \/ Yoast SEO plugin. -->","yoast_head_json":{"title":"Functional Analyst - ISSHO","robots":{"index":"index","follow":"follow","max-snippet":"max-snippet:-1","max-image-preview":"max-image-preview:large","max-video-preview":"max-video-preview:-1"},"canonical":"https:\/\/issho.website\/pt\/functional-analyst\/","og_locale":"pt_PT","og_type":"article","og_title":"Functional Analyst - ISSHO","og_description":"MISSION Spreading the word about ISSHO to partners and clients, knowing how to interpret the product&#8217;s impact on the client&#8217;s business;\u00a0 Knowing the product&#8217;s functionalities and proposing its functional evolution, managing major versions; Developing and maintaining promotional materials; Managing social media communications; Being the first line of interaction with customers when they raise incidents or [&hellip;]","og_url":"https:\/\/issho.website\/pt\/functional-analyst\/","og_site_name":"ISSHO","article_publisher":"https:\/\/www.facebook.com\/isshotechnology\/","article_modified_time":"2025-03-17T16:08:46+00:00","og_image":[{"url":"https:\/\/issho.website\/wp-content\/uploads\/2022\/07\/contact_us.png","type":"","width":"","height":""}],"twitter_card":"summary_large_image","twitter_misc":{"Tempo estimado de leitura":"2 minutos"},"schema":{"@context":"https:\/\/schema.org","@graph":[{"@type":"WebPage","@id":"https:\/\/issho.website\/functional-analyst\/","url":"https:\/\/issho.website\/functional-analyst\/","name":"Functional Analyst - ISSHO","isPartOf":{"@id":"https:\/\/issho.website\/#website"},"primaryImageOfPage":{"@id":"https:\/\/issho.website\/functional-analyst\/#primaryimage"},"image":{"@id":"https:\/\/issho.website\/functional-analyst\/#primaryimage"},"thumbnailUrl":"https:\/\/issho.website\/wp-content\/uploads\/2022\/07\/contact_us.png","datePublished":"2023-11-30T15:42:11+00:00","dateModified":"2025-03-17T16:08:46+00:00","breadcrumb":{"@id":"https:\/\/issho.website\/functional-analyst\/#breadcrumb"},"inLanguage":"pt-PT","potentialAction":[{"@type":"ReadAction","target":["https:\/\/issho.website\/functional-analyst\/"]}]},{"@type":"ImageObject","inLanguage":"pt-PT","@id":"https:\/\/issho.website\/functional-analyst\/#primaryimage","url":"https:\/\/issho.website\/wp-content\/uploads\/2022\/07\/contact_us.png","contentUrl":"https:\/\/issho.website\/wp-content\/uploads\/2022\/07\/contact_us.png"},{"@type":"BreadcrumbList","@id":"https:\/\/issho.website\/functional-analyst\/#breadcrumb","itemListElement":[{"@type":"ListItem","position":1,"name":"Home","item":"https:\/\/issho.website\/"},{"@type":"ListItem","position":2,"name":"Functional Analyst"}]},{"@type":"WebSite","@id":"https:\/\/issho.website\/#website","url":"https:\/\/issho.website\/","name":"ISSHO","description":"Configurador 3D industrial","publisher":{"@id":"https:\/\/issho.website\/#organization"},"potentialAction":[{"@type":"SearchAction","target":{"@type":"EntryPoint","urlTemplate":"https:\/\/issho.website\/?s={search_term_string}"},"query-input":{"@type":"PropertyValueSpecification","valueRequired":true,"valueName":"search_term_string"}}],"inLanguage":"pt-PT"},{"@type":"Organization","@id":"https:\/\/issho.website\/#organization","name":"Issho Technology Lda","url":"https:\/\/issho.website\/","logo":{"@type":"ImageObject","inLanguage":"pt-PT","@id":"https:\/\/issho.website\/#\/schema\/logo\/image\/","url":"https:\/\/issho.website\/wp-content\/uploads\/2022\/07\/Issho-\u2013-Logo-Sem-Assinatura.png","contentUrl":"https:\/\/issho.website\/wp-content\/uploads\/2022\/07\/Issho-\u2013-Logo-Sem-Assinatura.png","width":3889,"height":1667,"caption":"Issho Technology Lda"},"image":{"@id":"https:\/\/issho.website\/#\/schema\/logo\/image\/"},"sameAs":["https:\/\/www.facebook.com\/isshotechnology\/","https:\/\/www.linkedin.com\/company\/isshotechnology","https:\/\/www.youtube.com\/channel\/UCgQGwai4229phOQsaT1A3bQ"]}]}},"_links":{"self":[{"href":"http:\/\/issho.website\/pt\/wp-json\/wp\/v2\/pages\/5408","targetHints":{"allow":["GET"]}}],"collection":[{"href":"http:\/\/issho.website\/pt\/wp-json\/wp\/v2\/pages"}],"about":[{"href":"http:\/\/issho.website\/pt\/wp-json\/wp\/v2\/types\/page"}],"author":[{"embeddable":true,"href":"http:\/\/issho.website\/pt\/wp-json\/wp\/v2\/users\/1"}],"replies":[{"embeddable":true,"href":"http:\/\/issho.website\/pt\/wp-json\/wp\/v2\/comments?post=5408"}],"version-history":[{"count":7,"href":"http:\/\/issho.website\/pt\/wp-json\/wp\/v2\/pages\/5408\/revisions"}],"predecessor-version":[{"id":5432,"href":"http:\/\/issho.website\/pt\/wp-json\/wp\/v2\/pages\/5408\/revisions\/5432"}],"wp:attachment":[{"href":"http:\/\/issho.website\/pt\/wp-json\/wp\/v2\/media?parent=5408"}],"curies":[{"name":"wp","href":"https:\/\/api.w.org\/{rel}","templated":true}]}}