{"id":4969,"date":"2022-08-03T08:48:13","date_gmt":"2022-08-03T08:48:13","guid":{"rendered":"https:\/\/issho.website\/new\/?page_id=4969"},"modified":"2022-08-03T10:42:40","modified_gmt":"2022-08-03T10:42:40","slug":"purever","status":"publish","type":"page","link":"https:\/\/issho.website\/pt\/purever\/","title":{"rendered":"Purever"},"content":{"rendered":"<div data-elementor-type=\"wp-page\" data-elementor-id=\"4969\" class=\"elementor elementor-4969\">\n\t\t\t\t\t\t<section class=\"elementor-section elementor-top-section elementor-element elementor-element-cba083f elementor-section-boxed elementor-section-height-default elementor-section-height-default\" data-id=\"cba083f\" data-element_type=\"section\" data-e-type=\"section\">\n\t\t\t\t\t\t<div class=\"elementor-container elementor-column-gap-default\">\n\t\t\t\t\t<div class=\"elementor-column elementor-col-100 elementor-top-column elementor-element elementor-element-fa1584e\" data-id=\"fa1584e\" data-element_type=\"column\" data-e-type=\"column\">\n\t\t\t<div class=\"elementor-widget-wrap elementor-element-populated\">\n\t\t\t\t\t\t<div class=\"elementor-element elementor-element-81e02f6 elementor-widget elementor-widget-text-editor\" data-id=\"81e02f6\" data-element_type=\"widget\" data-e-type=\"widget\" data-widget_type=\"text-editor.default\">\n\t\t\t\t<div class=\"elementor-widget-container\">\n\t\t\t\t\t\t\t\t\t<h3><span style=\"color: #3f82f9;\"><strong>DESAFIOS<\/strong><\/span><\/h3><ol><li>Oferecer uma plataforma que permitisse diferenciar a empresa e elev\u00e1-la a outro patamar<\/li><li>Suprimir limita\u00e7\u00f5es e erros<\/li><li>Dar resposta \u00e0s necessidades do cliente<\/li><li>Melhorar processo de or\u00e7amenta\u00e7\u00e3o<\/li><li>Apresentar os produtos da marca em realidade aumentada<\/li><\/ol><p>\u00a0<\/p><h3><span style=\"color: #3f82f9;\"><strong>SOLU\u00c7\u00c3O<\/strong><\/span><\/h3><p><strong>WIN-WIN<\/strong><\/p><p>\u201cFoi sempre muito f\u00e1cil e acess\u00edvel trabalhar com a ISSHO. A determina\u00e7\u00e3o das pessoas envolvidas e a constante procura da melhor solu\u00e7\u00e3o s\u00e3o fatores que a diferenciam e facilitam a intera\u00e7\u00e3o e a partilha de ideias. Os conceitos que a Purever transmitia sempre foram tidos em conta pela sua equipa. E foi por isso que, rapidamente, se estabeleceu uma parceria win-win.<\/p><p>A ISSHO esteve sempre junto da Purever, dando uma resposta positiva \u00e0s nossas solicita\u00e7\u00f5es, e indo ao encontro da nossa vis\u00e3o, fazendo sugest\u00f5es de melhoria e garantindo o cumprimento de todos os prazos.\u201d<\/p><p><strong><br \/>DIFERENCIA\u00c7\u00c3O<\/strong><\/p><p>\u201c\u00c9 uma ferramenta muito flex\u00edvel, com \u00e1reas bastante inovadoras que a concorr\u00eancia n\u00e3o tem, o que nos permitiu marcar a diferen\u00e7a, mesmo em termos de modelo de neg\u00f3cio. Com a implementa\u00e7\u00e3o da ferramenta da ISSHO quer\u00edamos marcar a diferen\u00e7a; com a sua ado\u00e7\u00e3o conseguimos mesmo fazer diferente.\"<\/p><p><strong><br \/>3D E ERP INTEGRADOS<\/strong><\/p><p>\u201cAs c\u00e2maras frigor\u00edficas em 3D, em si, n\u00e3o eram uma novidade no mercado. No entanto, a solu\u00e7\u00e3o apresentada constitu\u00eda um upgrade muito importante em rela\u00e7\u00e3o \u00e0 ferramenta que existia. Conseguimos ter as nossas c\u00e2maras integradas com o nosso ERP, o que nos permitiu elaborar or\u00e7amentos num espa\u00e7o de 2 ou 3 minutos, respondendo assim a grande parte das encomendas existentes.\u201d<\/p><p><strong><br \/>MAIS R\u00c1PIDO, MENOS ERROS<\/strong><\/p><p>\u201cA Purever \u00e9 uma empresa internacional que atua em diversos mercados, com diferentes necessidades. Com esta solu\u00e7\u00e3o, conseguimos dar uma resposta mais r\u00e1pida, com menos erros, facilitando a intera\u00e7\u00e3o entre a \u00e1rea comercial e os nossos clientes, e transformando, desta forma, a experi\u00eancia do cliente.\u201d<\/p><p><strong><br \/>REALIDADE AUMENTADA<\/strong><\/p><p>\u201cTamb\u00e9m quer\u00edamos ter os nossos produtos em realidade aumentada. Esse foi outro dos desafios que coloc\u00e1mos \u00e0 ISSHO, que o cumpriu com sucesso. A ferramenta tem um conjunto de funcionalidades que v\u00e3o ao encontro das necessidades do cliente, ou daquilo que lhe pode agradar e auxiliar: os desenhos em 3D, os projetos com toda a informa\u00e7\u00e3o do produto personalizado, e, na parte final, a apresenta\u00e7\u00e3o das c\u00e2maras de frio, n\u00e3o s\u00f3 em papel, mas tamb\u00e9m em realidade aumentada, bastando para isso ter um aparelho que possua uma c\u00e2mara (smartphone ou tablet).\u201d<\/p><p><strong><br \/>F\u00c1CIL E INTUITIVO<\/strong><\/p><p>\u201cDentro da Purever, as equipas que utilizam a plataforma da ISSHO, no seu dia a dia, foram early adopters. Desde o primeiro dia, o feedback que tivemos foi positivo. As pessoas consideravam a nova plataforma mais f\u00e1cil, intuitiva e apelativa do que a existente, uma vez que esta lhes posibilitava fazer os seus projetos (configura\u00e7\u00f5es), automaticamente, para v\u00e1rios modelos, sem o m\u00ednimo de problema, sendo web-based.\u201d<\/p><p>\u00a0<\/p><h3><span style=\"color: #3f82f9;\"><strong>RESULTADOS<\/strong><\/span><\/h3><p>\u201cPoder\u00edamos ter feito um update da plataforma que utiliz\u00e1vamos. Mas, com o apoio da Administra\u00e7\u00e3o, decidimos ir mais al\u00e9m e fazer algo from scratch. Para isso, utiliz\u00e1mos o configurador da ISSHO, pois percebemos que era necess\u00e1rio trabalhar com uma equipa que pensasse como n\u00f3s e se adaptasse \u00e0 nossa realidade e aos nossos requisitos.<\/p><p>A flexibilidade \u00e9 o maior ganho que temos com esta plataforma. Para al\u00e9m de todas as suas caracter\u00edsticas, \u00e9 a adaptabilidade e a capacidade de responder em diversos mercados, com diferentes necessidades e com in\u00fameros produtos, a grande mais-valia.\u201d<\/p>\t\t\t\t\t\t\t\t<\/div>\n\t\t\t\t<\/div>\n\t\t\t\t\t<\/div>\n\t\t<\/div>\n\t\t\t\t\t<\/div>\n\t\t<\/section>\n\t\t\t\t<section class=\"elementor-section elementor-top-section elementor-element elementor-element-50ccce4 elementor-section-boxed elementor-section-height-default elementor-section-height-default\" data-id=\"50ccce4\" data-element_type=\"section\" data-e-type=\"section\">\n\t\t\t\t\t\t<div class=\"elementor-container elementor-column-gap-default\">\n\t\t\t\t\t<div class=\"elementor-column elementor-col-100 elementor-top-column elementor-element elementor-element-4a5a6ef\" data-id=\"4a5a6ef\" data-element_type=\"column\" data-e-type=\"column\">\n\t\t\t<div class=\"elementor-widget-wrap elementor-element-populated\">\n\t\t\t\t\t\t<div class=\"elementor-element elementor-element-550ae29 elementor-widget elementor-widget-rt-testimonial\" data-id=\"550ae29\" data-element_type=\"widget\" data-e-type=\"widget\" data-widget_type=\"rt-testimonial.default\">\n\t\t\t\t<div class=\"elementor-widget-container\">\n\t\t\t\t\t<div class=\"has-animation\">\n<div class=\"default-testimonial rtin-testimonial-3 rtin-testimonial-grid\">\n\t<div class=\"row auto-clear\">\n\t\t\t\t\t\t\t\t\t\t\t\t\t<div class=\"col-lg-12 col-md-12 col-sm-12 col-xs-12\">\n\t\t\t\t\t<div class=\"translate-bottom-75 opacity-animation transition-150 transition-delay-100\">\n\t\t\t\t\t\t<div class=\"rtin-item\">\t\t\t\t\t\t\n\t\t\t\t\t\t\t<div class=\"media\">\n\t\t\t\t\t\t\t\t\t\t\t\t\t\t\t\t\t\t\t\t\t\t\t\t\t<div class=\"rtin-thumb\"><img decoding=\"async\" width=\"150\" height=\"150\" src=\"https:\/\/issho.website\/wp-content\/uploads\/2020\/01\/purever-hugo-rechena-150x150.jpg\" class=\"attachment-thumbnail size-thumbnail wp-post-image\" alt=\"Hugo Rechena CTO\" srcset=\"https:\/\/issho.website\/wp-content\/uploads\/2020\/01\/purever-hugo-rechena-150x150.jpg 150w, https:\/\/issho.website\/wp-content\/uploads\/2020\/01\/purever-hugo-rechena-12x12.jpg 12w, https:\/\/issho.website\/wp-content\/uploads\/2020\/01\/purever-hugo-rechena.jpg 200w\" sizes=\"(max-width: 150px) 100vw, 150px\" \/><\/div>\n\t\t\t\t\t\t\t\t\t\t\t\t\t\t\t\t\t\t\t\t\t\t\t\t<div class=\"media-body space-sm\">\n\t\t\t\t\t\t\t\t\t<h3 class=\"rtin-title\">Purever<\/h3>\n\t\t\t\t\t\t\t\t\t<div class=\"rtin-designation\"><span>Hugo Rechena, anterior CTO<\/span><\/div>\n\t\t\t\t\t\t\t\t<\/div>\n\t\t\t\t\t\t\t<\/div>\n\t\t\t\t\t\t\t\t\t\t\t\t\t\t<p>A ISSHO sempre teve uma grande vontade de apresentar solu\u00e7\u00f5es e de fazer as coisas de maneira diferente, considerando sempre a necessidade do cliente e procurando dar respostas adequadas.<\/p>\t\t\t\t\t\t\t<div class=\"rtin-icon\"><i class=\"flaticon-quote\"><\/i><\/div>\n\t\t\t\t\t\t<\/div>\n\t\t\t\t\t<\/div>\n\t\t\t\t<\/div>\n\t\t\t\t\t\t\t\t<\/div>\n<\/div>\n<\/div>\t\t\t\t<\/div>\n\t\t\t\t<\/div>\n\t\t\t\t\t<\/div>\n\t\t<\/div>\n\t\t\t\t\t<\/div>\n\t\t<\/section>\n\t\t\t\t<\/div>","protected":false},"excerpt":{"rendered":"<p>CHALLENGES To offer a platform that could differentiate the company and take it to another level To reduce limitations and errors To respond to clients\u2019 needs To improve the budgeting process To present the brand&#8217;s products in augmented reality \u00a0 SOLUTION WIN-WIN &#8220;It was always very easy to work with ISSHO. The determination of the [&hellip;]<\/p>\n","protected":false},"author":1,"featured_media":0,"parent":0,"menu_order":0,"comment_status":"closed","ping_status":"closed","template":"","meta":{"footnotes":""},"class_list":["post-4969","page","type-page","status-publish","hentry"],"yoast_head":"<!-- This site is optimized with the Yoast SEO plugin v26.9 - https:\/\/yoast.com\/product\/yoast-seo-wordpress\/ -->\n<title>Purever - ISSHO<\/title>\n<meta name=\"robots\" content=\"index, follow, max-snippet:-1, max-image-preview:large, max-video-preview:-1\" \/>\n<link rel=\"canonical\" href=\"https:\/\/issho.website\/pt\/purever\/\" \/>\n<meta property=\"og:locale\" content=\"pt_PT\" \/>\n<meta property=\"og:type\" content=\"article\" \/>\n<meta property=\"og:title\" content=\"Purever - ISSHO\" \/>\n<meta property=\"og:description\" content=\"CHALLENGES To offer a platform that could differentiate the company and take it to another level To reduce limitations and errors To respond to clients\u2019 needs To improve the budgeting process To present the brand&#8217;s products in augmented reality \u00a0 SOLUTION WIN-WIN &#8220;It was always very easy to work with ISSHO. The determination of the [&hellip;]\" \/>\n<meta property=\"og:url\" content=\"https:\/\/issho.website\/pt\/purever\/\" \/>\n<meta property=\"og:site_name\" content=\"ISSHO\" \/>\n<meta property=\"article:publisher\" content=\"https:\/\/www.facebook.com\/isshotechnology\/\" \/>\n<meta property=\"article:modified_time\" content=\"2022-08-03T10:42:40+00:00\" \/>\n<meta property=\"og:image\" content=\"https:\/\/issho.website\/new\/wp-content\/uploads\/2020\/01\/testimonial1.png\" \/>\n<meta name=\"twitter:card\" content=\"summary_large_image\" \/>\n<meta name=\"twitter:label1\" content=\"Tempo estimado de leitura\" \/>\n\t<meta name=\"twitter:data1\" content=\"3 minutos\" \/>\n<script type=\"application\/ld+json\" class=\"yoast-schema-graph\">{\"@context\":\"https:\/\/schema.org\",\"@graph\":[{\"@type\":\"WebPage\",\"@id\":\"https:\/\/issho.website\/purever\/\",\"url\":\"https:\/\/issho.website\/purever\/\",\"name\":\"Purever - ISSHO\",\"isPartOf\":{\"@id\":\"https:\/\/issho.website\/#website\"},\"primaryImageOfPage\":{\"@id\":\"https:\/\/issho.website\/purever\/#primaryimage\"},\"image\":{\"@id\":\"https:\/\/issho.website\/purever\/#primaryimage\"},\"thumbnailUrl\":\"https:\/\/issho.website\/new\/wp-content\/uploads\/2020\/01\/testimonial1.png\",\"datePublished\":\"2022-08-03T08:48:13+00:00\",\"dateModified\":\"2022-08-03T10:42:40+00:00\",\"breadcrumb\":{\"@id\":\"https:\/\/issho.website\/purever\/#breadcrumb\"},\"inLanguage\":\"pt-PT\",\"potentialAction\":[{\"@type\":\"ReadAction\",\"target\":[\"https:\/\/issho.website\/purever\/\"]}]},{\"@type\":\"ImageObject\",\"inLanguage\":\"pt-PT\",\"@id\":\"https:\/\/issho.website\/purever\/#primaryimage\",\"url\":\"https:\/\/issho.website\/new\/wp-content\/uploads\/2020\/01\/testimonial1.png\",\"contentUrl\":\"https:\/\/issho.website\/new\/wp-content\/uploads\/2020\/01\/testimonial1.png\"},{\"@type\":\"BreadcrumbList\",\"@id\":\"https:\/\/issho.website\/purever\/#breadcrumb\",\"itemListElement\":[{\"@type\":\"ListItem\",\"position\":1,\"name\":\"Home\",\"item\":\"https:\/\/issho.website\/\"},{\"@type\":\"ListItem\",\"position\":2,\"name\":\"Purever\"}]},{\"@type\":\"WebSite\",\"@id\":\"https:\/\/issho.website\/#website\",\"url\":\"https:\/\/issho.website\/\",\"name\":\"ISSHO\",\"description\":\"Industrial 3D Configurator\",\"publisher\":{\"@id\":\"https:\/\/issho.website\/#organization\"},\"potentialAction\":[{\"@type\":\"SearchAction\",\"target\":{\"@type\":\"EntryPoint\",\"urlTemplate\":\"https:\/\/issho.website\/?s={search_term_string}\"},\"query-input\":{\"@type\":\"PropertyValueSpecification\",\"valueRequired\":true,\"valueName\":\"search_term_string\"}}],\"inLanguage\":\"pt-PT\"},{\"@type\":\"Organization\",\"@id\":\"https:\/\/issho.website\/#organization\",\"name\":\"Issho Technology Lda\",\"url\":\"https:\/\/issho.website\/\",\"logo\":{\"@type\":\"ImageObject\",\"inLanguage\":\"pt-PT\",\"@id\":\"https:\/\/issho.website\/#\/schema\/logo\/image\/\",\"url\":\"https:\/\/issho.website\/wp-content\/uploads\/2022\/07\/Issho-\u2013-Logo-Sem-Assinatura.png\",\"contentUrl\":\"https:\/\/issho.website\/wp-content\/uploads\/2022\/07\/Issho-\u2013-Logo-Sem-Assinatura.png\",\"width\":3889,\"height\":1667,\"caption\":\"Issho Technology Lda\"},\"image\":{\"@id\":\"https:\/\/issho.website\/#\/schema\/logo\/image\/\"},\"sameAs\":[\"https:\/\/www.facebook.com\/isshotechnology\/\",\"https:\/\/www.linkedin.com\/company\/isshotechnology\",\"https:\/\/www.youtube.com\/channel\/UCgQGwai4229phOQsaT1A3bQ\"]}]}<\/script>\n<!-- \/ Yoast SEO plugin. -->","yoast_head_json":{"title":"Purever - ISSHO","robots":{"index":"index","follow":"follow","max-snippet":"max-snippet:-1","max-image-preview":"max-image-preview:large","max-video-preview":"max-video-preview:-1"},"canonical":"https:\/\/issho.website\/pt\/purever\/","og_locale":"pt_PT","og_type":"article","og_title":"Purever - ISSHO","og_description":"CHALLENGES To offer a platform that could differentiate the company and take it to another level To reduce limitations and errors To respond to clients\u2019 needs To improve the budgeting process To present the brand&#8217;s products in augmented reality \u00a0 SOLUTION WIN-WIN &#8220;It was always very easy to work with ISSHO. The determination of the [&hellip;]","og_url":"https:\/\/issho.website\/pt\/purever\/","og_site_name":"ISSHO","article_publisher":"https:\/\/www.facebook.com\/isshotechnology\/","article_modified_time":"2022-08-03T10:42:40+00:00","og_image":[{"url":"https:\/\/issho.website\/new\/wp-content\/uploads\/2020\/01\/testimonial1.png","type":"","width":"","height":""}],"twitter_card":"summary_large_image","twitter_misc":{"Tempo estimado de leitura":"3 minutos"},"schema":{"@context":"https:\/\/schema.org","@graph":[{"@type":"WebPage","@id":"https:\/\/issho.website\/purever\/","url":"https:\/\/issho.website\/purever\/","name":"Purever - ISSHO","isPartOf":{"@id":"https:\/\/issho.website\/#website"},"primaryImageOfPage":{"@id":"https:\/\/issho.website\/purever\/#primaryimage"},"image":{"@id":"https:\/\/issho.website\/purever\/#primaryimage"},"thumbnailUrl":"https:\/\/issho.website\/new\/wp-content\/uploads\/2020\/01\/testimonial1.png","datePublished":"2022-08-03T08:48:13+00:00","dateModified":"2022-08-03T10:42:40+00:00","breadcrumb":{"@id":"https:\/\/issho.website\/purever\/#breadcrumb"},"inLanguage":"pt-PT","potentialAction":[{"@type":"ReadAction","target":["https:\/\/issho.website\/purever\/"]}]},{"@type":"ImageObject","inLanguage":"pt-PT","@id":"https:\/\/issho.website\/purever\/#primaryimage","url":"https:\/\/issho.website\/new\/wp-content\/uploads\/2020\/01\/testimonial1.png","contentUrl":"https:\/\/issho.website\/new\/wp-content\/uploads\/2020\/01\/testimonial1.png"},{"@type":"BreadcrumbList","@id":"https:\/\/issho.website\/purever\/#breadcrumb","itemListElement":[{"@type":"ListItem","position":1,"name":"Home","item":"https:\/\/issho.website\/"},{"@type":"ListItem","position":2,"name":"Purever"}]},{"@type":"WebSite","@id":"https:\/\/issho.website\/#website","url":"https:\/\/issho.website\/","name":"ISSHO","description":"Configurador 3D industrial","publisher":{"@id":"https:\/\/issho.website\/#organization"},"potentialAction":[{"@type":"SearchAction","target":{"@type":"EntryPoint","urlTemplate":"https:\/\/issho.website\/?s={search_term_string}"},"query-input":{"@type":"PropertyValueSpecification","valueRequired":true,"valueName":"search_term_string"}}],"inLanguage":"pt-PT"},{"@type":"Organization","@id":"https:\/\/issho.website\/#organization","name":"Issho Technology Lda","url":"https:\/\/issho.website\/","logo":{"@type":"ImageObject","inLanguage":"pt-PT","@id":"https:\/\/issho.website\/#\/schema\/logo\/image\/","url":"https:\/\/issho.website\/wp-content\/uploads\/2022\/07\/Issho-\u2013-Logo-Sem-Assinatura.png","contentUrl":"https:\/\/issho.website\/wp-content\/uploads\/2022\/07\/Issho-\u2013-Logo-Sem-Assinatura.png","width":3889,"height":1667,"caption":"Issho Technology Lda"},"image":{"@id":"https:\/\/issho.website\/#\/schema\/logo\/image\/"},"sameAs":["https:\/\/www.facebook.com\/isshotechnology\/","https:\/\/www.linkedin.com\/company\/isshotechnology","https:\/\/www.youtube.com\/channel\/UCgQGwai4229phOQsaT1A3bQ"]}]}},"_links":{"self":[{"href":"https:\/\/issho.website\/pt\/wp-json\/wp\/v2\/pages\/4969","targetHints":{"allow":["GET"]}}],"collection":[{"href":"https:\/\/issho.website\/pt\/wp-json\/wp\/v2\/pages"}],"about":[{"href":"https:\/\/issho.website\/pt\/wp-json\/wp\/v2\/types\/page"}],"author":[{"embeddable":true,"href":"https:\/\/issho.website\/pt\/wp-json\/wp\/v2\/users\/1"}],"replies":[{"embeddable":true,"href":"https:\/\/issho.website\/pt\/wp-json\/wp\/v2\/comments?post=4969"}],"version-history":[{"count":11,"href":"https:\/\/issho.website\/pt\/wp-json\/wp\/v2\/pages\/4969\/revisions"}],"predecessor-version":[{"id":5014,"href":"https:\/\/issho.website\/pt\/wp-json\/wp\/v2\/pages\/4969\/revisions\/5014"}],"wp:attachment":[{"href":"https:\/\/issho.website\/pt\/wp-json\/wp\/v2\/media?parent=4969"}],"curies":[{"name":"wp","href":"https:\/\/api.w.org\/{rel}","templated":true}]}}