{"id":4985,"date":"2022-08-03T08:58:25","date_gmt":"2022-08-03T08:58:25","guid":{"rendered":"https:\/\/issho.website\/new\/?page_id=4985"},"modified":"2022-08-03T09:10:41","modified_gmt":"2022-08-03T09:10:41","slug":"grupel","status":"publish","type":"page","link":"https:\/\/issho.website\/pt\/grupel\/","title":{"rendered":"Grupel"},"content":{"rendered":"<div data-elementor-type=\"wp-page\" data-elementor-id=\"4985\" class=\"elementor elementor-4985\">\n\t\t\t\t\t\t<section class=\"elementor-section elementor-top-section elementor-element elementor-element-8db4215 elementor-section-boxed elementor-section-height-default elementor-section-height-default\" data-id=\"8db4215\" data-element_type=\"section\" data-e-type=\"section\">\n\t\t\t\t\t\t<div class=\"elementor-container elementor-column-gap-default\">\n\t\t\t\t\t<div class=\"elementor-column elementor-col-100 elementor-top-column elementor-element elementor-element-1a88aa5\" data-id=\"1a88aa5\" data-element_type=\"column\" data-e-type=\"column\">\n\t\t\t<div class=\"elementor-widget-wrap elementor-element-populated\">\n\t\t\t\t\t\t<div class=\"elementor-element elementor-element-53a8878 elementor-widget elementor-widget-text-editor\" data-id=\"53a8878\" data-element_type=\"widget\" data-e-type=\"widget\" data-widget_type=\"text-editor.default\">\n\t\t\t\t<div class=\"elementor-widget-container\">\n\t\t\t\t\t\t\t\t\t<h3><span style=\"color: #3f82f9;\"><strong>DESAFIOS<\/strong><\/span><\/h3><ol><li>Oferecer uma plataforma digital diferenciadora que inclu\u00edsse todos os processos do neg\u00f3cio<\/li><li>Apresentar os produtos da marca em 3D<\/li><li>Agilizar o processo de defini\u00e7\u00e3o de pre\u00e7os e or\u00e7amenta\u00e7\u00e3o por mercado e gama<\/li><li>Reduzir erros nas etapas de passagem a produ\u00e7\u00e3o, atrav\u00e9s do BOM, e fatura\u00e7\u00e3o<\/li><li>Permitir a configura\u00e7\u00e3o dos geradores por parte do cliente e automatizar os processos de cota\u00e7\u00e3o e especifica\u00e7\u00e3o t\u00e9cnica<\/li><li>Facilitar os fluxos de informa\u00e7\u00e3o e aprova\u00e7\u00e3o entre departamentos, em todas as etapas de projeto at\u00e9 \u00e0 entrega ao cliente<\/li><li>Simplificar a gest\u00e3o do cliente com a inclus\u00e3o de sistema de CRM na plataforma<\/li><li>Integrar com os sistemas ERP j\u00e1 dispon\u00edveis na organiza\u00e7\u00e3o<\/li><\/ol><p>\u00a0<\/p><h3><span style=\"color: #3f82f9;\"><strong>SOLU\u00c7\u00c3O<\/strong><\/span><\/h3><p><strong>PARCERIA DE \u00caXITO<\/strong><\/p><p>\u201cA parceria com a ISSHO revelou-se um sucesso, desde o in\u00edcio.<\/p><p>A equipa reconheceu a vis\u00e3o da Grupel e as nossas inten\u00e7\u00f5es, desde o princ\u00edpio, e soube apresentar propostas ajustadas ao que pretend\u00edamos, sugerindo tamb\u00e9m formas diferentes de atingir os nossos objetivos para otimizar a pr\u00f3pria ferramenta.<\/p><p>De um configurador 3D, pass\u00e1mos a uma solu\u00e7\u00e3o 360\u00ba, gra\u00e7as ao trabalho sempre pr\u00f3ximo entre as duas equipas e a uma entrega extremamente profissional e proativa da ISSHO, atenta \u00e0s necessidades da Grupel em todos os momentos.\u201d<\/p><p>\u00a0<\/p><p><strong>UMA FERRAMENTA PARA TODOS<\/strong><\/p><p>\u201cCom o apoio fundamental da ISSHO, conseguimos criar uma plataforma que inclui todos os passos de um neg\u00f3cio, desde a gest\u00e3o de leads e a fatura\u00e7\u00e3o de encomendas at\u00e9 a entrega do produto. Uma ferramenta intuitiva que facilita o trabalho das nossas equipas e o envolvimento dos nossos clientes, mesmo os que n\u00e3o entendem nada dos nossos produtos e projetos.<\/p><p>Qualquer pessoa, sem ideia da pot\u00eancia, frequ\u00eancia ou tipo de tens\u00e3o que precisa, pode aceder ao nosso configurador e avan\u00e7ar para um pedido, de forma simples e esclarecida, conhecer as op\u00e7\u00f5es recomendadas, segundo o seu uso, e obter uma proposta t\u00e9cnica e cota\u00e7\u00e3o praticamente imediatas.\u201d<\/p><p>\u00a0<\/p><p><strong>INTEGRA\u00c7\u00c3O DE PROCESSOS E PROCEDIMENTOS<\/strong><\/p><p>\u201cA ferramenta da ISSHO permitiu-nos implementar mecanismos automatizados, criar e gerir bases de dados e interligar todos estes sistemas entre si, numa base web.<\/p><p>Isso traz in\u00fameras vantagens ao nosso trabalho e performance, enquanto empresa focada no cliente, porque nos permite produzir de forma mais eficiente e inovadora, ao mesmo tempo que garante uma melhor experi\u00eancia aos nossos clientes e parceiros de mercados t\u00e3o diferentes quanto os 70 pa\u00edses em que estamos presentes.<\/p><p>Com ela, conseguimos melhorar os nossos tempos de resposta, aumentar efici\u00eancia e reduzir custos, atrav\u00e9s de um work-flow mais flu\u00eddo com integra\u00e7\u00e3o de todas as \u00e1reas de neg\u00f3cio.\u201d<\/p><p>\u00a0<\/p><h3><span style=\"color: #3f82f9;\"><strong>RESULTADOS<\/strong><\/span><\/h3><p>\u201cQuer\u00edamos algo verdadeiramente diferenciador e moderno, e foi exatamente isso que tivemos. Uma ferramenta 360\u00ba, onde todos os nossos processos e procedimentos est\u00e3o integrados e interligados e, por isso, com uma visibilidade completa de todas as fases de cada projeto. Um passo importante na moderniza\u00e7\u00e3o e otimiza\u00e7\u00e3o da nossa estrutura, t\u00e3o importantes na era da digitaliza\u00e7\u00e3o e da Ind\u00fastria 4.0 que vivemos. E uma aproxima\u00e7\u00e3o ainda maior aos nossos clientes de todo o mundo, que t\u00eam acesso a servi\u00e7os, propostas e produtos cada vez mais conformes e adaptados ao que procuram.\u201d<\/p>\t\t\t\t\t\t\t\t<\/div>\n\t\t\t\t<\/div>\n\t\t\t\t\t<\/div>\n\t\t<\/div>\n\t\t\t\t\t<\/div>\n\t\t<\/section>\n\t\t\t\t<section class=\"elementor-section elementor-top-section elementor-element elementor-element-2e947c6 elementor-section-boxed elementor-section-height-default elementor-section-height-default\" data-id=\"2e947c6\" data-element_type=\"section\" data-e-type=\"section\">\n\t\t\t\t\t\t<div class=\"elementor-container elementor-column-gap-default\">\n\t\t\t\t\t<div class=\"elementor-column elementor-col-100 elementor-top-column elementor-element elementor-element-62f74cb\" data-id=\"62f74cb\" data-element_type=\"column\" data-e-type=\"column\">\n\t\t\t<div class=\"elementor-widget-wrap elementor-element-populated\">\n\t\t\t\t\t\t<div class=\"elementor-element elementor-element-ce06e07 elementor-widget elementor-widget-spacer\" data-id=\"ce06e07\" data-element_type=\"widget\" data-e-type=\"widget\" data-widget_type=\"spacer.default\">\n\t\t\t\t<div class=\"elementor-widget-container\">\n\t\t\t\t\t\t\t<div class=\"elementor-spacer\">\n\t\t\t<div class=\"elementor-spacer-inner\"><\/div>\n\t\t<\/div>\n\t\t\t\t\t\t<\/div>\n\t\t\t\t<\/div>\n\t\t\t\t<div class=\"elementor-element elementor-element-45c612d elementor-arrows-position-outside elementor-widget elementor-widget-image-carousel\" data-id=\"45c612d\" data-element_type=\"widget\" data-e-type=\"widget\" data-settings=\"{&quot;slides_to_show&quot;:&quot;2&quot;,&quot;navigation&quot;:&quot;arrows&quot;,&quot;autoplay&quot;:&quot;yes&quot;,&quot;pause_on_hover&quot;:&quot;yes&quot;,&quot;pause_on_interaction&quot;:&quot;yes&quot;,&quot;autoplay_speed&quot;:5000,&quot;infinite&quot;:&quot;yes&quot;,&quot;speed&quot;:500,&quot;image_spacing_custom&quot;:{&quot;unit&quot;:&quot;px&quot;,&quot;size&quot;:20,&quot;sizes&quot;:[]},&quot;image_spacing_custom_tablet&quot;:{&quot;unit&quot;:&quot;px&quot;,&quot;size&quot;:&quot;&quot;,&quot;sizes&quot;:[]},&quot;image_spacing_custom_mobile&quot;:{&quot;unit&quot;:&quot;px&quot;,&quot;size&quot;:&quot;&quot;,&quot;sizes&quot;:[]}}\" data-widget_type=\"image-carousel.default\">\n\t\t\t\t<div class=\"elementor-widget-container\">\n\t\t\t\t\t\t\t<div class=\"elementor-image-carousel-wrapper swiper\" role=\"region\" aria-roledescription=\"carousel\" aria-label=\"Image Carousel\" dir=\"ltr\">\n\t\t\t<div class=\"elementor-image-carousel swiper-wrapper\" aria-live=\"off\">\n\t\t\t\t\t\t\t\t<div class=\"swiper-slide\" role=\"group\" aria-roledescription=\"slide\" aria-label=\"1 of 4\"><figure class=\"swiper-slide-inner\"><img decoding=\"async\" class=\"swiper-slide-image\" src=\"https:\/\/issho.website\/wp-content\/uploads\/2020\/01\/grupel_configurador_01-1024x500.png\" alt=\"Grupel - Choose Generator\" \/><\/figure><\/div><div class=\"swiper-slide\" role=\"group\" aria-roledescription=\"slide\" aria-label=\"2 of 4\"><figure class=\"swiper-slide-inner\"><img decoding=\"async\" class=\"swiper-slide-image\" src=\"https:\/\/issho.website\/wp-content\/uploads\/2020\/01\/grupel_configurador_02-1024x500.png\" alt=\"Grupel - Choose Power\" \/><\/figure><\/div><div class=\"swiper-slide\" role=\"group\" aria-roledescription=\"slide\" aria-label=\"3 of 4\"><figure class=\"swiper-slide-inner\"><img decoding=\"async\" class=\"swiper-slide-image\" src=\"https:\/\/issho.website\/wp-content\/uploads\/2020\/01\/grupel_configurador_03-1024x500.png\" alt=\"Grupel - Select model and extras\" \/><\/figure><\/div><div class=\"swiper-slide\" role=\"group\" aria-roledescription=\"slide\" aria-label=\"4 of 4\"><figure class=\"swiper-slide-inner\"><img decoding=\"async\" class=\"swiper-slide-image\" src=\"https:\/\/issho.website\/wp-content\/uploads\/2020\/01\/grupel_configurador_04-1024x500.png\" alt=\"Grupel - submit proposal\" \/><\/figure><\/div>\t\t\t<\/div>\n\t\t\t\t\t\t\t\t\t\t\t\t<div class=\"elementor-swiper-button elementor-swiper-button-prev\" role=\"button\" tabindex=\"0\">\n\t\t\t\t\t\t<i aria-hidden=\"true\" class=\"eicon-chevron-left\"><\/i>\t\t\t\t\t<\/div>\n\t\t\t\t\t<div class=\"elementor-swiper-button elementor-swiper-button-next\" role=\"button\" tabindex=\"0\">\n\t\t\t\t\t\t<i aria-hidden=\"true\" class=\"eicon-chevron-right\"><\/i>\t\t\t\t\t<\/div>\n\t\t\t\t\n\t\t\t\t\t\t\t\t\t<\/div>\n\t\t\t\t\t\t<\/div>\n\t\t\t\t<\/div>\n\t\t\t\t<div class=\"elementor-element elementor-element-ee5d283 elementor-widget elementor-widget-spacer\" data-id=\"ee5d283\" data-element_type=\"widget\" data-e-type=\"widget\" data-widget_type=\"spacer.default\">\n\t\t\t\t<div class=\"elementor-widget-container\">\n\t\t\t\t\t\t\t<div class=\"elementor-spacer\">\n\t\t\t<div class=\"elementor-spacer-inner\"><\/div>\n\t\t<\/div>\n\t\t\t\t\t\t<\/div>\n\t\t\t\t<\/div>\n\t\t\t\t<div class=\"elementor-element elementor-element-c515a31 elementor-widget elementor-widget-rt-testimonial\" data-id=\"c515a31\" data-element_type=\"widget\" data-e-type=\"widget\" data-widget_type=\"rt-testimonial.default\">\n\t\t\t\t<div class=\"elementor-widget-container\">\n\t\t\t\t\t<div class=\"has-animation\">\n<div class=\"default-testimonial rtin-testimonial-3 rtin-testimonial-grid\">\n\t<div class=\"row auto-clear\">\n\t\t\t\t\t\t\t\t\t\t\t\t\t<div class=\"col-lg-12 col-md-12 col-sm-12 col-xs-12\">\n\t\t\t\t\t<div class=\"translate-bottom-75 opacity-animation transition-150 transition-delay-100\">\n\t\t\t\t\t\t<div class=\"rtin-item\">\t\t\t\t\t\t\n\t\t\t\t\t\t\t<div class=\"media\">\n\t\t\t\t\t\t\t\t\t\t\t\t\t\t\t\t\t\t\t\t\t\t\t\t\t<div class=\"rtin-thumb\"><img decoding=\"async\" width=\"150\" height=\"150\" src=\"https:\/\/issho.website\/wp-content\/uploads\/2020\/01\/grupel_marco_santos-150x150.jpg\" class=\"attachment-thumbnail size-thumbnail wp-post-image\" alt=\"Eng Marco Santos Grupel\" srcset=\"https:\/\/issho.website\/wp-content\/uploads\/2020\/01\/grupel_marco_santos-150x150.jpg 150w, https:\/\/issho.website\/wp-content\/uploads\/2020\/01\/grupel_marco_santos-12x12.jpg 12w, https:\/\/issho.website\/wp-content\/uploads\/2020\/01\/grupel_marco_santos.jpg 200w\" sizes=\"(max-width: 150px) 100vw, 150px\" \/><\/div>\n\t\t\t\t\t\t\t\t\t\t\t\t\t\t\t\t\t\t\t\t\t\t\t\t<div class=\"media-body space-sm\">\n\t\t\t\t\t\t\t\t\t<h3 class=\"rtin-title\">Grupel<\/h3>\n\t\t\t\t\t\t\t\t\t<div class=\"rtin-designation\"><span>Marco Santos, CEO<\/span><\/div>\n\t\t\t\t\t\t\t\t<\/div>\n\t\t\t\t\t\t\t<\/div>\n\t\t\t\t\t\t\t\t\t\t\t\t\t\t<p>A ISSHO concedeu-nos a ferramenta 360\u00ba que desej\u00e1vamos. Esteve sempre disposta a ouvir as nossas aspira\u00e7\u00f5es e a conhecer a nossa vis\u00e3o, tendo desenvolvido uma plataforma para gest\u00e3o do neg\u00f3cio em todas as suas fases, mais f\u00e1cil e intuitiva tamb\u00e9m para o nosso cliente.<\/p>\t\t\t\t\t\t\t<div class=\"rtin-icon\"><i class=\"flaticon-quote\"><\/i><\/div>\n\t\t\t\t\t\t<\/div>\n\t\t\t\t\t<\/div>\n\t\t\t\t<\/div>\n\t\t\t\t\t\t\t\t<\/div>\n<\/div>\n<\/div>\t\t\t\t<\/div>\n\t\t\t\t<\/div>\n\t\t\t\t\t<\/div>\n\t\t<\/div>\n\t\t\t\t\t<\/div>\n\t\t<\/section>\n\t\t\t\t<\/div>","protected":false},"excerpt":{"rendered":"<p>CHALLENGES To offer a differentiating digital platform that included all business processes To present the brand&#8217;s products in 3D To streamline the process of setting prices and budgeting by market and range To reduce errors going to production, through the BOM, and invoicing To enable the customer\u2019s configuration of generators and to automate the processes [&hellip;]<\/p>\n","protected":false},"author":1,"featured_media":0,"parent":0,"menu_order":0,"comment_status":"closed","ping_status":"closed","template":"","meta":{"footnotes":""},"class_list":["post-4985","page","type-page","status-publish","hentry"],"yoast_head":"<!-- This site is optimized with the Yoast SEO plugin v26.9 - https:\/\/yoast.com\/product\/yoast-seo-wordpress\/ -->\n<title>Grupel - ISSHO<\/title>\n<meta name=\"robots\" content=\"index, follow, max-snippet:-1, max-image-preview:large, max-video-preview:-1\" \/>\n<link rel=\"canonical\" href=\"https:\/\/issho.website\/pt\/grupel\/\" \/>\n<meta property=\"og:locale\" content=\"pt_PT\" \/>\n<meta property=\"og:type\" content=\"article\" \/>\n<meta property=\"og:title\" content=\"Grupel - ISSHO\" \/>\n<meta property=\"og:description\" content=\"CHALLENGES To offer a differentiating digital platform that included all business processes To present the brand&#8217;s products in 3D To streamline the process of setting prices and budgeting by market and range To reduce errors going to production, through the BOM, and invoicing To enable the customer\u2019s configuration of generators and to automate the processes [&hellip;]\" \/>\n<meta property=\"og:url\" content=\"https:\/\/issho.website\/pt\/grupel\/\" \/>\n<meta property=\"og:site_name\" content=\"ISSHO\" \/>\n<meta property=\"article:publisher\" content=\"https:\/\/www.facebook.com\/isshotechnology\/\" \/>\n<meta property=\"article:modified_time\" content=\"2022-08-03T09:10:41+00:00\" \/>\n<meta property=\"og:image\" content=\"https:\/\/issho.website\/new\/wp-content\/uploads\/2020\/01\/grupel_configurador_01-1024x500.png\" \/>\n<meta name=\"twitter:card\" content=\"summary_large_image\" \/>\n<meta name=\"twitter:label1\" content=\"Tempo estimado de leitura\" \/>\n\t<meta name=\"twitter:data1\" content=\"5 minutos\" \/>\n<script type=\"application\/ld+json\" class=\"yoast-schema-graph\">{\"@context\":\"https:\/\/schema.org\",\"@graph\":[{\"@type\":\"WebPage\",\"@id\":\"https:\/\/issho.website\/grupel\/\",\"url\":\"https:\/\/issho.website\/grupel\/\",\"name\":\"Grupel - ISSHO\",\"isPartOf\":{\"@id\":\"https:\/\/issho.website\/#website\"},\"primaryImageOfPage\":{\"@id\":\"https:\/\/issho.website\/grupel\/#primaryimage\"},\"image\":{\"@id\":\"https:\/\/issho.website\/grupel\/#primaryimage\"},\"thumbnailUrl\":\"https:\/\/issho.website\/new\/wp-content\/uploads\/2020\/01\/grupel_configurador_01-1024x500.png\",\"datePublished\":\"2022-08-03T08:58:25+00:00\",\"dateModified\":\"2022-08-03T09:10:41+00:00\",\"breadcrumb\":{\"@id\":\"https:\/\/issho.website\/grupel\/#breadcrumb\"},\"inLanguage\":\"pt-PT\",\"potentialAction\":[{\"@type\":\"ReadAction\",\"target\":[\"https:\/\/issho.website\/grupel\/\"]}]},{\"@type\":\"ImageObject\",\"inLanguage\":\"pt-PT\",\"@id\":\"https:\/\/issho.website\/grupel\/#primaryimage\",\"url\":\"https:\/\/issho.website\/new\/wp-content\/uploads\/2020\/01\/grupel_configurador_01-1024x500.png\",\"contentUrl\":\"https:\/\/issho.website\/new\/wp-content\/uploads\/2020\/01\/grupel_configurador_01-1024x500.png\"},{\"@type\":\"BreadcrumbList\",\"@id\":\"https:\/\/issho.website\/grupel\/#breadcrumb\",\"itemListElement\":[{\"@type\":\"ListItem\",\"position\":1,\"name\":\"Home\",\"item\":\"https:\/\/issho.website\/\"},{\"@type\":\"ListItem\",\"position\":2,\"name\":\"Grupel\"}]},{\"@type\":\"WebSite\",\"@id\":\"https:\/\/issho.website\/#website\",\"url\":\"https:\/\/issho.website\/\",\"name\":\"ISSHO\",\"description\":\"Industrial 3D Configurator\",\"publisher\":{\"@id\":\"https:\/\/issho.website\/#organization\"},\"potentialAction\":[{\"@type\":\"SearchAction\",\"target\":{\"@type\":\"EntryPoint\",\"urlTemplate\":\"https:\/\/issho.website\/?s={search_term_string}\"},\"query-input\":{\"@type\":\"PropertyValueSpecification\",\"valueRequired\":true,\"valueName\":\"search_term_string\"}}],\"inLanguage\":\"pt-PT\"},{\"@type\":\"Organization\",\"@id\":\"https:\/\/issho.website\/#organization\",\"name\":\"Issho Technology Lda\",\"url\":\"https:\/\/issho.website\/\",\"logo\":{\"@type\":\"ImageObject\",\"inLanguage\":\"pt-PT\",\"@id\":\"https:\/\/issho.website\/#\/schema\/logo\/image\/\",\"url\":\"https:\/\/issho.website\/wp-content\/uploads\/2022\/07\/Issho-\u2013-Logo-Sem-Assinatura.png\",\"contentUrl\":\"https:\/\/issho.website\/wp-content\/uploads\/2022\/07\/Issho-\u2013-Logo-Sem-Assinatura.png\",\"width\":3889,\"height\":1667,\"caption\":\"Issho Technology Lda\"},\"image\":{\"@id\":\"https:\/\/issho.website\/#\/schema\/logo\/image\/\"},\"sameAs\":[\"https:\/\/www.facebook.com\/isshotechnology\/\",\"https:\/\/www.linkedin.com\/company\/isshotechnology\",\"https:\/\/www.youtube.com\/channel\/UCgQGwai4229phOQsaT1A3bQ\"]}]}<\/script>\n<!-- \/ Yoast SEO plugin. -->","yoast_head_json":{"title":"Grupel - ISSHO","robots":{"index":"index","follow":"follow","max-snippet":"max-snippet:-1","max-image-preview":"max-image-preview:large","max-video-preview":"max-video-preview:-1"},"canonical":"https:\/\/issho.website\/pt\/grupel\/","og_locale":"pt_PT","og_type":"article","og_title":"Grupel - ISSHO","og_description":"CHALLENGES To offer a differentiating digital platform that included all business processes To present the brand&#8217;s products in 3D To streamline the process of setting prices and budgeting by market and range To reduce errors going to production, through the BOM, and invoicing To enable the customer\u2019s configuration of generators and to automate the processes [&hellip;]","og_url":"https:\/\/issho.website\/pt\/grupel\/","og_site_name":"ISSHO","article_publisher":"https:\/\/www.facebook.com\/isshotechnology\/","article_modified_time":"2022-08-03T09:10:41+00:00","og_image":[{"url":"https:\/\/issho.website\/new\/wp-content\/uploads\/2020\/01\/grupel_configurador_01-1024x500.png","type":"","width":"","height":""}],"twitter_card":"summary_large_image","twitter_misc":{"Tempo estimado de leitura":"5 minutos"},"schema":{"@context":"https:\/\/schema.org","@graph":[{"@type":"WebPage","@id":"https:\/\/issho.website\/grupel\/","url":"https:\/\/issho.website\/grupel\/","name":"Grupel - ISSHO","isPartOf":{"@id":"https:\/\/issho.website\/#website"},"primaryImageOfPage":{"@id":"https:\/\/issho.website\/grupel\/#primaryimage"},"image":{"@id":"https:\/\/issho.website\/grupel\/#primaryimage"},"thumbnailUrl":"https:\/\/issho.website\/new\/wp-content\/uploads\/2020\/01\/grupel_configurador_01-1024x500.png","datePublished":"2022-08-03T08:58:25+00:00","dateModified":"2022-08-03T09:10:41+00:00","breadcrumb":{"@id":"https:\/\/issho.website\/grupel\/#breadcrumb"},"inLanguage":"pt-PT","potentialAction":[{"@type":"ReadAction","target":["https:\/\/issho.website\/grupel\/"]}]},{"@type":"ImageObject","inLanguage":"pt-PT","@id":"https:\/\/issho.website\/grupel\/#primaryimage","url":"https:\/\/issho.website\/new\/wp-content\/uploads\/2020\/01\/grupel_configurador_01-1024x500.png","contentUrl":"https:\/\/issho.website\/new\/wp-content\/uploads\/2020\/01\/grupel_configurador_01-1024x500.png"},{"@type":"BreadcrumbList","@id":"https:\/\/issho.website\/grupel\/#breadcrumb","itemListElement":[{"@type":"ListItem","position":1,"name":"Home","item":"https:\/\/issho.website\/"},{"@type":"ListItem","position":2,"name":"Grupel"}]},{"@type":"WebSite","@id":"https:\/\/issho.website\/#website","url":"https:\/\/issho.website\/","name":"ISSHO","description":"Configurador 3D industrial","publisher":{"@id":"https:\/\/issho.website\/#organization"},"potentialAction":[{"@type":"SearchAction","target":{"@type":"EntryPoint","urlTemplate":"https:\/\/issho.website\/?s={search_term_string}"},"query-input":{"@type":"PropertyValueSpecification","valueRequired":true,"valueName":"search_term_string"}}],"inLanguage":"pt-PT"},{"@type":"Organization","@id":"https:\/\/issho.website\/#organization","name":"Issho Technology Lda","url":"https:\/\/issho.website\/","logo":{"@type":"ImageObject","inLanguage":"pt-PT","@id":"https:\/\/issho.website\/#\/schema\/logo\/image\/","url":"https:\/\/issho.website\/wp-content\/uploads\/2022\/07\/Issho-\u2013-Logo-Sem-Assinatura.png","contentUrl":"https:\/\/issho.website\/wp-content\/uploads\/2022\/07\/Issho-\u2013-Logo-Sem-Assinatura.png","width":3889,"height":1667,"caption":"Issho Technology Lda"},"image":{"@id":"https:\/\/issho.website\/#\/schema\/logo\/image\/"},"sameAs":["https:\/\/www.facebook.com\/isshotechnology\/","https:\/\/www.linkedin.com\/company\/isshotechnology","https:\/\/www.youtube.com\/channel\/UCgQGwai4229phOQsaT1A3bQ"]}]}},"_links":{"self":[{"href":"https:\/\/issho.website\/pt\/wp-json\/wp\/v2\/pages\/4985","targetHints":{"allow":["GET"]}}],"collection":[{"href":"https:\/\/issho.website\/pt\/wp-json\/wp\/v2\/pages"}],"about":[{"href":"https:\/\/issho.website\/pt\/wp-json\/wp\/v2\/types\/page"}],"author":[{"embeddable":true,"href":"https:\/\/issho.website\/pt\/wp-json\/wp\/v2\/users\/1"}],"replies":[{"embeddable":true,"href":"https:\/\/issho.website\/pt\/wp-json\/wp\/v2\/comments?post=4985"}],"version-history":[{"count":17,"href":"https:\/\/issho.website\/pt\/wp-json\/wp\/v2\/pages\/4985\/revisions"}],"predecessor-version":[{"id":5002,"href":"https:\/\/issho.website\/pt\/wp-json\/wp\/v2\/pages\/4985\/revisions\/5002"}],"wp:attachment":[{"href":"https:\/\/issho.website\/pt\/wp-json\/wp\/v2\/media?parent=4985"}],"curies":[{"name":"wp","href":"https:\/\/api.w.org\/{rel}","templated":true}]}}